{"id":141,"date":"2025-06-28T18:26:50","date_gmt":"2025-06-28T18:26:50","guid":{"rendered":"http:\/\/162.243.41.210\/?page_id=141"},"modified":"2025-08-07T14:24:26","modified_gmt":"2025-08-07T14:24:26","slug":"politica-de-cookies","status":"publish","type":"page","link":"https:\/\/appanee.com\/de\/politica-de-cookies\/","title":{"rendered":"Cookie-Richtlinie"},"content":{"rendered":"<p>Diese Cookie-Richtlinie erkl\u00e4rt, was Cookies sind, wie wir sie auf appanee.com verwenden und wie Sie sie verwalten k\u00f6nnen. Wenn Sie auf unserer Website weitersurfen, erkl\u00e4ren Sie sich mit der Verwendung von Cookies, wie hier beschrieben, einverstanden.<\/p>\n\n\n\n<h4 class=\"wp-block-heading\">1. Was sind Cookies?<\/h4>\n\n\n\n<p>Cookies sind kleine Textdateien, die eine Website auf Ihrem Ger\u00e4t (Computer, Tablet, Smartphone) speichert, wenn Sie sie besuchen. Sie dienen dazu, Ihren Browser zu erkennen, Pr\u00e4ferenzen zu speichern und Ihnen ein personalisiertes Surferlebnis zu bieten.<\/p>\n\n\n\n<h4 class=\"wp-block-heading\">2. Wie wir Cookies verwenden<\/h4>\n\n\n\n<p>Wir verwenden Cookies aus verschiedenen Gr\u00fcnden, unter anderem:<\/p>\n\n\n\n<ul class=\"wp-block-list\">\n<li><strong>Wesentliche Cookies:<\/strong> die f\u00fcr das Funktionieren der Website erforderlich sind (z. B. Anmeldung, sicheres Browsing);<\/li>\n\n\n\n<li><strong>Leistungs-Cookies:<\/strong> anonyme Informationen dar\u00fcber zu sammeln, wie Besucher die Website nutzen;<\/li>\n\n\n\n<li><strong>Funktionale Cookies:<\/strong> Pr\u00e4ferenzen wie Sprache und Standort speichern;<\/li>\n\n\n\n<li><strong>Werbe-Cookies:<\/strong> verwendet, um Ihnen Werbung anzubieten, die besser auf Ihr Profil zugeschnitten ist, und um die Wirksamkeit von Kampagnen zu messen.<\/li>\n<\/ul>\n\n\n\n<h4 class=\"wp-block-heading\">3. Cookies von Dritten<\/h4>\n\n\n\n<p>Wir verwenden auch Cookies von vertrauensw\u00fcrdigen Dritten, wie z. B.:<\/p>\n\n\n\n<ul class=\"wp-block-list\">\n<li><strong>Google Analytics:<\/strong> um den Datenverkehr und das Nutzerverhalten auf der Website zu analysieren;<\/li>\n\n\n\n<li><strong>Dienstleistungen im Bereich Werbung:<\/strong> wie z. B. Google AdSense, um personalisierte Werbung auf der Grundlage Ihres Surfverhaltens anzuzeigen.<\/li>\n<\/ul>\n\n\n\n<p>Diese Drittparteien k\u00f6nnen Informationen direkt von Ihrem Browser sammeln, einschlie\u00dflich Ihrer IP-Adresse.<\/p>\n\n\n\n<h4 class=\"wp-block-heading\">4. Wie man Cookies verwaltet<\/h4>\n\n\n\n<p>Sie k\u00f6nnen Ihren Browser so einstellen, dass er die Verwendung von Cookies blockiert oder Sie darauf hinweist. Dies kann jedoch die Funktion einiger Teile der Website beeintr\u00e4chtigen. Nachstehend finden Sie Links zu Anleitungen f\u00fcr die g\u00e4ngigsten Browser:<\/p>\n\n\n\n<ul class=\"wp-block-list\">\n<li><a>Google Chrome<\/a><\/li>\n\n\n\n<li>Mozilla Firefox<\/li>\n\n\n\n<li><a class=\"\" href=\"https:\/\/support.microsoft.com\/pt-br\/microsoft-edge\">Microsoft Edge<\/a><\/li>\n\n\n\n<li>Safari<\/li>\n<\/ul>\n\n\n\n<h4 class=\"wp-block-heading\">5. \u00c4nderungen an dieser Politik<\/h4>\n\n\n\n<p>Diese Politik kann von Zeit zu Zeit aktualisiert werden. Alle \u00c4nderungen werden auf dieser Seite mit einem aktualisierten \u00c4nderungsdatum ver\u00f6ffentlicht.<\/p>","protected":false},"excerpt":{"rendered":"<p>Esta Pol\u00edtica de Cookies explica o que s\u00e3o cookies, como os utilizamos no appanee.com e como voc\u00ea pode gerenci\u00e1-los. Ao continuar a navegar em nosso site, voc\u00ea concorda com o uso de cookies conforme descrito aqui. 1. O que s\u00e3o Cookies? Cookies s\u00e3o pequenos arquivos de texto que um site salva no seu dispositivo (computador,&#8230;<\/p>","protected":false},"author":2,"featured_media":0,"parent":0,"menu_order":0,"comment_status":"closed","ping_status":"closed","template":"","meta":{"_kad_post_transparent":"","_kad_post_title":"","_kad_post_layout":"","_kad_post_sidebar_id":"","_kad_post_content_style":"","_kad_post_vertical_padding":"","_kad_post_feature":"","_kad_post_feature_position":"","_kad_post_header":false,"_kad_post_footer":false,"footnotes":""},"class_list":["post-141","page","type-page","status-publish","hentry"],"yoast_head":"<!-- This site is optimized with the Yoast SEO plugin v26.2 - https:\/\/yoast.com\/wordpress\/plugins\/seo\/ -->\n<title>Pol\u00edtica de Cookies - Appanee<\/title>\n<meta name=\"robots\" content=\"index, follow, max-snippet:-1, max-image-preview:large, max-video-preview:-1\" \/>\n<link rel=\"canonical\" href=\"https:\/\/appanee.com\/de\/politica-de-cookies\/\" \/>\n<meta property=\"og:locale\" content=\"de_DE\" \/>\n<meta property=\"og:type\" content=\"article\" \/>\n<meta property=\"og:title\" content=\"Pol\u00edtica de Cookies - Appanee\" \/>\n<meta property=\"og:description\" content=\"Esta Pol\u00edtica de Cookies explica o que s\u00e3o cookies, como os utilizamos no appanee.com e como voc\u00ea pode gerenci\u00e1-los. Ao continuar a navegar em nosso site, voc\u00ea concorda com o uso de cookies conforme descrito aqui. 1. O que s\u00e3o Cookies? Cookies s\u00e3o pequenos arquivos de texto que um site salva no seu dispositivo (computador,...\" \/>\n<meta property=\"og:url\" content=\"https:\/\/appanee.com\/de\/politica-de-cookies\/\" \/>\n<meta property=\"og:site_name\" content=\"Appanee\" \/>\n<meta property=\"article:modified_time\" content=\"2025-08-07T14:24:26+00:00\" \/>\n<meta name=\"twitter:card\" content=\"summary_large_image\" \/>\n<meta name=\"twitter:label1\" content=\"Gesch\u00e4tzte Lesezeit\" \/>\n\t<meta name=\"twitter:data1\" content=\"2\u00a0Minuten\" \/>\n<script type=\"application\/ld+json\" class=\"yoast-schema-graph\">{\"@context\":\"https:\/\/schema.org\",\"@graph\":[{\"@type\":\"WebPage\",\"@id\":\"https:\/\/appanee.com\/politica-de-cookies\/\",\"url\":\"https:\/\/appanee.com\/politica-de-cookies\/\",\"name\":\"Pol\u00edtica de Cookies - Appanee\",\"isPartOf\":{\"@id\":\"https:\/\/appanee.com\/#website\"},\"datePublished\":\"2025-06-28T18:26:50+00:00\",\"dateModified\":\"2025-08-07T14:24:26+00:00\",\"breadcrumb\":{\"@id\":\"https:\/\/appanee.com\/politica-de-cookies\/#breadcrumb\"},\"inLanguage\":\"de\",\"potentialAction\":[{\"@type\":\"ReadAction\",\"target\":[\"https:\/\/appanee.com\/politica-de-cookies\/\"]}]},{\"@type\":\"BreadcrumbList\",\"@id\":\"https:\/\/appanee.com\/politica-de-cookies\/#breadcrumb\",\"itemListElement\":[{\"@type\":\"ListItem\",\"position\":1,\"name\":\"In\u00edcio\",\"item\":\"https:\/\/appanee.com\/\"},{\"@type\":\"ListItem\",\"position\":2,\"name\":\"Pol\u00edtica de Cookies\"}]},{\"@type\":\"WebSite\",\"@id\":\"https:\/\/appanee.com\/#website\",\"url\":\"https:\/\/appanee.com\/\",\"name\":\"Appanee\",\"description\":\"Benef\u00edcios Sociais Americanos\",\"publisher\":{\"@id\":\"https:\/\/appanee.com\/#organization\"},\"potentialAction\":[{\"@type\":\"SearchAction\",\"target\":{\"@type\":\"EntryPoint\",\"urlTemplate\":\"https:\/\/appanee.com\/?s={search_term_string}\"},\"query-input\":{\"@type\":\"PropertyValueSpecification\",\"valueRequired\":true,\"valueName\":\"search_term_string\"}}],\"inLanguage\":\"de\"},{\"@type\":\"Organization\",\"@id\":\"https:\/\/appanee.com\/#organization\",\"name\":\"Appanee\",\"url\":\"https:\/\/appanee.com\/\",\"logo\":{\"@type\":\"ImageObject\",\"inLanguage\":\"de\",\"@id\":\"https:\/\/appanee.com\/#\/schema\/logo\/image\/\",\"url\":\"https:\/\/appanee.com\/wp-content\/uploads\/2025\/08\/cropped-blog-appanee.png\",\"contentUrl\":\"https:\/\/appanee.com\/wp-content\/uploads\/2025\/08\/cropped-blog-appanee.png\",\"width\":200,\"height\":80,\"caption\":\"Appanee\"},\"image\":{\"@id\":\"https:\/\/appanee.com\/#\/schema\/logo\/image\/\"}}]}<\/script>\n<!-- \/ Yoast SEO plugin. -->","yoast_head_json":{"title":"Pol\u00edtica de Cookies - Appanee","robots":{"index":"index","follow":"follow","max-snippet":"max-snippet:-1","max-image-preview":"max-image-preview:large","max-video-preview":"max-video-preview:-1"},"canonical":"https:\/\/appanee.com\/de\/politica-de-cookies\/","og_locale":"de_DE","og_type":"article","og_title":"Pol\u00edtica de Cookies - Appanee","og_description":"Esta Pol\u00edtica de Cookies explica o que s\u00e3o cookies, como os utilizamos no appanee.com e como voc\u00ea pode gerenci\u00e1-los. Ao continuar a navegar em nosso site, voc\u00ea concorda com o uso de cookies conforme descrito aqui. 1. O que s\u00e3o Cookies? Cookies s\u00e3o pequenos arquivos de texto que um site salva no seu dispositivo (computador,...","og_url":"https:\/\/appanee.com\/de\/politica-de-cookies\/","og_site_name":"Appanee","article_modified_time":"2025-08-07T14:24:26+00:00","twitter_card":"summary_large_image","twitter_misc":{"Gesch\u00e4tzte Lesezeit":"2\u00a0Minuten"},"schema":{"@context":"https:\/\/schema.org","@graph":[{"@type":"WebPage","@id":"https:\/\/appanee.com\/politica-de-cookies\/","url":"https:\/\/appanee.com\/politica-de-cookies\/","name":"Pol\u00edtica de Cookies - Appanee","isPartOf":{"@id":"https:\/\/appanee.com\/#website"},"datePublished":"2025-06-28T18:26:50+00:00","dateModified":"2025-08-07T14:24:26+00:00","breadcrumb":{"@id":"https:\/\/appanee.com\/politica-de-cookies\/#breadcrumb"},"inLanguage":"de","potentialAction":[{"@type":"ReadAction","target":["https:\/\/appanee.com\/politica-de-cookies\/"]}]},{"@type":"BreadcrumbList","@id":"https:\/\/appanee.com\/politica-de-cookies\/#breadcrumb","itemListElement":[{"@type":"ListItem","position":1,"name":"In\u00edcio","item":"https:\/\/appanee.com\/"},{"@type":"ListItem","position":2,"name":"Pol\u00edtica de Cookies"}]},{"@type":"WebSite","@id":"https:\/\/appanee.com\/#website","url":"https:\/\/appanee.com\/","name":"Appanee","description":"Amerikanische Sozialleistungen","publisher":{"@id":"https:\/\/appanee.com\/#organization"},"potentialAction":[{"@type":"SearchAction","target":{"@type":"EntryPoint","urlTemplate":"https:\/\/appanee.com\/?s={search_term_string}"},"query-input":{"@type":"PropertyValueSpecification","valueRequired":true,"valueName":"search_term_string"}}],"inLanguage":"de"},{"@type":"Organization","@id":"https:\/\/appanee.com\/#organization","name":"Appanee","url":"https:\/\/appanee.com\/","logo":{"@type":"ImageObject","inLanguage":"de","@id":"https:\/\/appanee.com\/#\/schema\/logo\/image\/","url":"https:\/\/appanee.com\/wp-content\/uploads\/2025\/08\/cropped-blog-appanee.png","contentUrl":"https:\/\/appanee.com\/wp-content\/uploads\/2025\/08\/cropped-blog-appanee.png","width":200,"height":80,"caption":"Appanee"},"image":{"@id":"https:\/\/appanee.com\/#\/schema\/logo\/image\/"}}]}},"_links":{"self":[{"href":"https:\/\/appanee.com\/de\/wp-json\/wp\/v2\/pages\/141","targetHints":{"allow":["GET"]}}],"collection":[{"href":"https:\/\/appanee.com\/de\/wp-json\/wp\/v2\/pages"}],"about":[{"href":"https:\/\/appanee.com\/de\/wp-json\/wp\/v2\/types\/page"}],"author":[{"embeddable":true,"href":"https:\/\/appanee.com\/de\/wp-json\/wp\/v2\/users\/2"}],"replies":[{"embeddable":true,"href":"https:\/\/appanee.com\/de\/wp-json\/wp\/v2\/comments?post=141"}],"version-history":[{"count":2,"href":"https:\/\/appanee.com\/de\/wp-json\/wp\/v2\/pages\/141\/revisions"}],"predecessor-version":[{"id":527,"href":"https:\/\/appanee.com\/de\/wp-json\/wp\/v2\/pages\/141\/revisions\/527"}],"wp:attachment":[{"href":"https:\/\/appanee.com\/de\/wp-json\/wp\/v2\/media?parent=141"}],"curies":[{"name":"wp","href":"https:\/\/api.w.org\/{rel}","templated":true}]}}