{"id":146,"date":"2025-06-28T18:27:43","date_gmt":"2025-06-28T18:27:43","guid":{"rendered":"http:\/\/162.243.41.210\/?page_id=146"},"modified":"2025-06-28T18:27:43","modified_gmt":"2025-06-28T18:27:43","slug":"termos-de-uso","status":"publish","type":"page","link":"https:\/\/appanee.com\/de\/termos-de-uso\/","title":{"rendered":"Nutzungsbedingungen"},"content":{"rendered":"<p>Diese Nutzungsbedingungen regeln den Zugriff auf und die Nutzung der Website appanee.com, die Informationen \u00fcber staatliche Leistungen in den Vereinigten Staaten bietet. Durch den Zugriff auf diese Website erkl\u00e4ren Sie sich mit den hier dargelegten Bedingungen einverstanden. Wenn Sie nicht einverstanden sind, empfehlen wir Ihnen, die Website nicht zu nutzen.<\/p>\n\n\n\n<h4 class=\"wp-block-heading\">1. Akzeptanz der Bedingungen<\/h4>\n\n\n\n<p>Durch die Nutzung von appanee.com erkl\u00e4ren Sie, dass Sie diese Nutzungsbedingungen gelesen, verstanden und akzeptiert haben. Diese Bedingungen k\u00f6nnen jederzeit ohne vorherige Ank\u00fcndigung aktualisiert werden und es liegt in der Verantwortung des Nutzers, sie regelm\u00e4\u00dfig zu \u00fcberpr\u00fcfen.<\/p>\n\n\n\n<h4 class=\"wp-block-heading\">2. Verwendung von Inhalten<\/h4>\n\n\n\n<p>Alle auf appanee.com verf\u00fcgbaren Inhalte werden ausschlie\u00dflich zu Informationszwecken bereitgestellt. Die Informationen beruhen auf zuverl\u00e4ssigen Quellen, ersetzen jedoch nicht die Konsultation offizieller US-Regierungsstellen.<\/p>\n\n\n\n<ul class=\"wp-block-list\">\n<li>Es ist verboten, Inhalte der Website ohne vorherige schriftliche Genehmigung zu kopieren, zu vervielf\u00e4ltigen, zu verbreiten oder zu ver\u00e4ndern.<\/li>\n\n\n\n<li>Nutzer k\u00f6nnen Artikel \u00fcber Links teilen, sofern sie die Originalquelle angeben.<\/li>\n<\/ul>\n\n\n\n<h4 class=\"wp-block-heading\">3. Verantwortlichkeiten der Benutzer<\/h4>\n\n\n\n<p>Der Nutzer verpflichtet sich dazu:<\/p>\n\n\n\n<ul class=\"wp-block-list\">\n<li>Nutzen Sie die Website auf ethische und legale Weise;<\/li>\n\n\n\n<li>Geben Sie in den Formularen keine falschen, beleidigenden oder sch\u00e4dlichen Informationen an;<\/li>\n\n\n\n<li>Versuchen Sie nicht, auf eingeschr\u00e4nkte Bereiche der Website zuzugreifen oder deren Sicherheit zu gef\u00e4hrden.<\/li>\n<\/ul>\n\n\n\n<h4 class=\"wp-block-heading\">4. Begrenzung der Haftung<\/h4>\n\n\n\n<p>appanee.com ist nicht verantwortlich f\u00fcr:<\/p>\n\n\n\n<ul class=\"wp-block-list\">\n<li>Fehler oder Auslassungen im ver\u00f6ffentlichten Inhalt;<\/li>\n\n\n\n<li>Sch\u00e4den, die sich aus der Nutzung oder Unm\u00f6glichkeit der Nutzung der Website ergeben;<\/li>\n\n\n\n<li>Inhalte von Websites Dritter, die \u00fcber externe Links zug\u00e4nglich sind.<\/li>\n<\/ul>\n\n\n\n<p>Wir betonen, dass die Website keine direkten Verbindungen zu US-Regierungsstellen hat.<\/p>\n\n\n\n<h4 class=\"wp-block-heading\">5. Externe Links<\/h4>\n\n\n\n<p>Unsere Website kann Links zu Websites Dritter enthalten. Wir sind nicht verantwortlich f\u00fcr die Praktiken, Richtlinien oder Inhalte dieser Websites. Der Zugang zu ihnen erfolgt auf eigenes Risiko des Nutzers.<\/p>\n\n\n\n<h4 class=\"wp-block-heading\">6. Geistiges Eigentum<\/h4>\n\n\n\n<p>Alle auf der Website angezeigten Texte, Bilder, Marken und Logos sind Eigentum von appanee.com oder seinen Lizenzgebern und durch das Urheberrecht und die Gesetze zum Schutz des geistigen Eigentums gesch\u00fctzt.<\/p>\n\n\n\n<h4 class=\"wp-block-heading\">7. Privatsph\u00e4re und Datenschutz<\/h4>\n\n\n\n<p>Die Nutzung der Website unterliegt auch unseren <a class=\"\" href=\"#\">Datenschutzbestimmungen<\/a>Wir erkl\u00e4ren, wie wir Nutzerdaten sammeln, verwenden und sch\u00fctzen.<\/p>\n\n\n\n<h4 class=\"wp-block-heading\">8. Geltende Rechtsvorschriften<\/h4>\n\n\n\n<p>Die vorliegenden Nutzungsbedingungen unterliegen dem brasilianischen Recht. Alle Streitigkeiten im Zusammenhang mit der Nutzung der Website werden vor den Gerichten des Wohnsitzes des Nutzers verhandelt.<\/p>","protected":false},"excerpt":{"rendered":"<p>Estes Termos de Uso regulam o acesso e a utiliza\u00e7\u00e3o do site appanee.com, dedicado a fornecer informa\u00e7\u00f5es sobre benef\u00edcios governamentais nos Estados Unidos. Ao acessar este site, voc\u00ea concorda com os termos e condi\u00e7\u00f5es aqui estabelecidos. Caso n\u00e3o concorde, recomendamos que n\u00e3o utilize o site. 1. Aceita\u00e7\u00e3o dos Termos Ao utilizar o appanee.com, voc\u00ea declara&#8230;<\/p>","protected":false},"author":2,"featured_media":0,"parent":0,"menu_order":0,"comment_status":"closed","ping_status":"closed","template":"","meta":{"_kad_post_transparent":"","_kad_post_title":"","_kad_post_layout":"","_kad_post_sidebar_id":"","_kad_post_content_style":"","_kad_post_vertical_padding":"","_kad_post_feature":"","_kad_post_feature_position":"","_kad_post_header":false,"_kad_post_footer":false,"footnotes":""},"class_list":["post-146","page","type-page","status-publish","hentry"],"yoast_head":"<!-- This site is optimized with the Yoast SEO plugin v26.2 - https:\/\/yoast.com\/wordpress\/plugins\/seo\/ -->\n<title>Termos de Uso - Appanee<\/title>\n<meta name=\"robots\" content=\"index, follow, max-snippet:-1, max-image-preview:large, max-video-preview:-1\" \/>\n<link rel=\"canonical\" href=\"https:\/\/appanee.com\/de\/termos-de-uso\/\" \/>\n<meta property=\"og:locale\" content=\"de_DE\" \/>\n<meta property=\"og:type\" content=\"article\" \/>\n<meta property=\"og:title\" content=\"Termos de Uso - Appanee\" \/>\n<meta property=\"og:description\" content=\"Estes Termos de Uso regulam o acesso e a utiliza\u00e7\u00e3o do site appanee.com, dedicado a fornecer informa\u00e7\u00f5es sobre benef\u00edcios governamentais nos Estados Unidos. Ao acessar este site, voc\u00ea concorda com os termos e condi\u00e7\u00f5es aqui estabelecidos. Caso n\u00e3o concorde, recomendamos que n\u00e3o utilize o site. 1. Aceita\u00e7\u00e3o dos Termos Ao utilizar o appanee.com, voc\u00ea declara...\" \/>\n<meta property=\"og:url\" content=\"https:\/\/appanee.com\/de\/termos-de-uso\/\" \/>\n<meta property=\"og:site_name\" content=\"Appanee\" \/>\n<meta name=\"twitter:card\" content=\"summary_large_image\" \/>\n<meta name=\"twitter:label1\" content=\"Gesch\u00e4tzte Lesezeit\" \/>\n\t<meta name=\"twitter:data1\" content=\"2\u00a0Minuten\" \/>\n<script type=\"application\/ld+json\" class=\"yoast-schema-graph\">{\"@context\":\"https:\/\/schema.org\",\"@graph\":[{\"@type\":\"WebPage\",\"@id\":\"https:\/\/appanee.com\/termos-de-uso\/\",\"url\":\"https:\/\/appanee.com\/termos-de-uso\/\",\"name\":\"Termos de Uso - Appanee\",\"isPartOf\":{\"@id\":\"https:\/\/appanee.com\/#website\"},\"datePublished\":\"2025-06-28T18:27:43+00:00\",\"breadcrumb\":{\"@id\":\"https:\/\/appanee.com\/termos-de-uso\/#breadcrumb\"},\"inLanguage\":\"de\",\"potentialAction\":[{\"@type\":\"ReadAction\",\"target\":[\"https:\/\/appanee.com\/termos-de-uso\/\"]}]},{\"@type\":\"BreadcrumbList\",\"@id\":\"https:\/\/appanee.com\/termos-de-uso\/#breadcrumb\",\"itemListElement\":[{\"@type\":\"ListItem\",\"position\":1,\"name\":\"In\u00edcio\",\"item\":\"https:\/\/appanee.com\/\"},{\"@type\":\"ListItem\",\"position\":2,\"name\":\"Termos de Uso\"}]},{\"@type\":\"WebSite\",\"@id\":\"https:\/\/appanee.com\/#website\",\"url\":\"https:\/\/appanee.com\/\",\"name\":\"Appanee\",\"description\":\"Benef\u00edcios Sociais Americanos\",\"publisher\":{\"@id\":\"https:\/\/appanee.com\/#organization\"},\"potentialAction\":[{\"@type\":\"SearchAction\",\"target\":{\"@type\":\"EntryPoint\",\"urlTemplate\":\"https:\/\/appanee.com\/?s={search_term_string}\"},\"query-input\":{\"@type\":\"PropertyValueSpecification\",\"valueRequired\":true,\"valueName\":\"search_term_string\"}}],\"inLanguage\":\"de\"},{\"@type\":\"Organization\",\"@id\":\"https:\/\/appanee.com\/#organization\",\"name\":\"Appanee\",\"url\":\"https:\/\/appanee.com\/\",\"logo\":{\"@type\":\"ImageObject\",\"inLanguage\":\"de\",\"@id\":\"https:\/\/appanee.com\/#\/schema\/logo\/image\/\",\"url\":\"https:\/\/appanee.com\/wp-content\/uploads\/2025\/08\/cropped-blog-appanee.png\",\"contentUrl\":\"https:\/\/appanee.com\/wp-content\/uploads\/2025\/08\/cropped-blog-appanee.png\",\"width\":200,\"height\":80,\"caption\":\"Appanee\"},\"image\":{\"@id\":\"https:\/\/appanee.com\/#\/schema\/logo\/image\/\"}}]}<\/script>\n<!-- \/ Yoast SEO plugin. -->","yoast_head_json":{"title":"Termos de Uso - Appanee","robots":{"index":"index","follow":"follow","max-snippet":"max-snippet:-1","max-image-preview":"max-image-preview:large","max-video-preview":"max-video-preview:-1"},"canonical":"https:\/\/appanee.com\/de\/termos-de-uso\/","og_locale":"de_DE","og_type":"article","og_title":"Termos de Uso - Appanee","og_description":"Estes Termos de Uso regulam o acesso e a utiliza\u00e7\u00e3o do site appanee.com, dedicado a fornecer informa\u00e7\u00f5es sobre benef\u00edcios governamentais nos Estados Unidos. Ao acessar este site, voc\u00ea concorda com os termos e condi\u00e7\u00f5es aqui estabelecidos. Caso n\u00e3o concorde, recomendamos que n\u00e3o utilize o site. 1. Aceita\u00e7\u00e3o dos Termos Ao utilizar o appanee.com, voc\u00ea declara...","og_url":"https:\/\/appanee.com\/de\/termos-de-uso\/","og_site_name":"Appanee","twitter_card":"summary_large_image","twitter_misc":{"Gesch\u00e4tzte Lesezeit":"2\u00a0Minuten"},"schema":{"@context":"https:\/\/schema.org","@graph":[{"@type":"WebPage","@id":"https:\/\/appanee.com\/termos-de-uso\/","url":"https:\/\/appanee.com\/termos-de-uso\/","name":"Termos de Uso - Appanee","isPartOf":{"@id":"https:\/\/appanee.com\/#website"},"datePublished":"2025-06-28T18:27:43+00:00","breadcrumb":{"@id":"https:\/\/appanee.com\/termos-de-uso\/#breadcrumb"},"inLanguage":"de","potentialAction":[{"@type":"ReadAction","target":["https:\/\/appanee.com\/termos-de-uso\/"]}]},{"@type":"BreadcrumbList","@id":"https:\/\/appanee.com\/termos-de-uso\/#breadcrumb","itemListElement":[{"@type":"ListItem","position":1,"name":"In\u00edcio","item":"https:\/\/appanee.com\/"},{"@type":"ListItem","position":2,"name":"Termos de Uso"}]},{"@type":"WebSite","@id":"https:\/\/appanee.com\/#website","url":"https:\/\/appanee.com\/","name":"Appanee","description":"Amerikanische Sozialleistungen","publisher":{"@id":"https:\/\/appanee.com\/#organization"},"potentialAction":[{"@type":"SearchAction","target":{"@type":"EntryPoint","urlTemplate":"https:\/\/appanee.com\/?s={search_term_string}"},"query-input":{"@type":"PropertyValueSpecification","valueRequired":true,"valueName":"search_term_string"}}],"inLanguage":"de"},{"@type":"Organization","@id":"https:\/\/appanee.com\/#organization","name":"Appanee","url":"https:\/\/appanee.com\/","logo":{"@type":"ImageObject","inLanguage":"de","@id":"https:\/\/appanee.com\/#\/schema\/logo\/image\/","url":"https:\/\/appanee.com\/wp-content\/uploads\/2025\/08\/cropped-blog-appanee.png","contentUrl":"https:\/\/appanee.com\/wp-content\/uploads\/2025\/08\/cropped-blog-appanee.png","width":200,"height":80,"caption":"Appanee"},"image":{"@id":"https:\/\/appanee.com\/#\/schema\/logo\/image\/"}}]}},"_links":{"self":[{"href":"https:\/\/appanee.com\/de\/wp-json\/wp\/v2\/pages\/146","targetHints":{"allow":["GET"]}}],"collection":[{"href":"https:\/\/appanee.com\/de\/wp-json\/wp\/v2\/pages"}],"about":[{"href":"https:\/\/appanee.com\/de\/wp-json\/wp\/v2\/types\/page"}],"author":[{"embeddable":true,"href":"https:\/\/appanee.com\/de\/wp-json\/wp\/v2\/users\/2"}],"replies":[{"embeddable":true,"href":"https:\/\/appanee.com\/de\/wp-json\/wp\/v2\/comments?post=146"}],"version-history":[{"count":1,"href":"https:\/\/appanee.com\/de\/wp-json\/wp\/v2\/pages\/146\/revisions"}],"predecessor-version":[{"id":153,"href":"https:\/\/appanee.com\/de\/wp-json\/wp\/v2\/pages\/146\/revisions\/153"}],"wp:attachment":[{"href":"https:\/\/appanee.com\/de\/wp-json\/wp\/v2\/media?parent=146"}],"curies":[{"name":"wp","href":"https:\/\/api.w.org\/{rel}","templated":true}]}}