{"id":156,"date":"2025-06-28T18:28:18","date_gmt":"2025-06-28T18:28:18","guid":{"rendered":"http:\/\/162.243.41.210\/?page_id=156"},"modified":"2025-10-30T12:45:13","modified_gmt":"2025-10-30T12:45:13","slug":"quem-somos","status":"publish","type":"page","link":"https:\/\/appanee.com\/de\/quem-somos\/","title":{"rendered":"Wer wir sind"},"content":{"rendered":"<p>Willkommen bei <strong>appanee.de<\/strong>ein Portal, das mit dem Ziel geschaffen wurde, die Brasilianer zu informieren, zu leiten und ihnen den Zugang zu Informationen zu erleichtern <strong>staatliche Leistungen in den Vereinigten Staaten<\/strong>.<\/p>\n\n\n\n<p>Unser Ziel ist es, klare, aktuelle und verl\u00e4ssliche Inhalte zu Sozialprogrammen, finanzieller Unterst\u00fctzung und Verg\u00fcnstigungen f\u00fcr Einwanderer, US-B\u00fcrger und legal Ans\u00e4ssige anzubieten. Wir wissen, dass das Verst\u00e4ndnis der staatlichen Hilfssysteme in den USA komplex sein kann, insbesondere f\u00fcr diejenigen, die neu im Land sind oder mit Sprachbarrieren zu k\u00e4mpfen haben - deshalb sind unsere Inhalte 100% auf Portugiesisch.<\/p>\n\n\n\n<p><strong>Warum haben wir appanee.com gegr\u00fcndet?<\/strong><\/p>\n\n\n\n<p>Wir sind der Meinung, dass jeder Zugang zu hochwertigen Informationen haben sollte, um sicherere und fundiertere Entscheidungen treffen zu k\u00f6nnen. Wir haben diese Website eingerichtet, um eine Br\u00fccke zwischen Ihnen und den Ressourcen zu schlagen, die Ihr Leben in den Vereinigten Staaten verbessern k\u00f6nnen. Egal, ob Sie ein neuer Einwanderer sind oder schon seit Jahren im Land leben, hier finden Sie n\u00fctzliche, \u00fcbersichtliche und leicht verst\u00e4ndliche Informationen.<\/p>\n\n\n\n<p><strong>Unser Engagement:<\/strong><\/p>\n\n\n\n<ul class=\"wp-block-list\">\n<li>Ver\u00f6ffentlichen Sie Inhalte auf der Grundlage offizieller und zuverl\u00e4ssiger Quellen;<\/li>\n\n\n\n<li>St\u00e4ndige Aktualisierung der Informationen entsprechend den \u00c4nderungen der Leistungsvorschriften;<\/li>\n\n\n\n<li>Unseren Lesern zuh\u00f6ren und ihre Fragen verantwortungsvoll und respektvoll beantworten.<\/li>\n<\/ul>\n\n\n\n<p><strong>Vielen Dank f\u00fcr Ihren Besuch auf appanee.com. Wir sind hier, um Ihnen zu helfen, die in den Vereinigten Staaten verf\u00fcgbaren Vorteile zu verstehen und zu nutzen.<\/strong><\/p>","protected":false},"excerpt":{"rendered":"<p>Willkommen bei appanee.com, einem Portal, das Brasilianer \u00fcber staatliche Leistungen in den USA informiert, sie ber\u00e4t und ihnen den Zugang dazu erleichtert. Unser Ziel ist es, klare, aktuelle und verl\u00e4ssliche Informationen \u00fcber Sozialprogramme, finanzielle Hilfen und Leistungen f\u00fcr Einwanderer, US-B\u00fcrger und Personen mit legalem Aufenthaltsrecht bereitzustellen. Wir wissen, dass das Verst\u00e4ndnis der Systeme\u2026<\/p>","protected":false},"author":2,"featured_media":0,"parent":0,"menu_order":0,"comment_status":"closed","ping_status":"closed","template":"","meta":{"_kad_post_transparent":"","_kad_post_title":"","_kad_post_layout":"","_kad_post_sidebar_id":"","_kad_post_content_style":"","_kad_post_vertical_padding":"","_kad_post_feature":"","_kad_post_feature_position":"","_kad_post_header":false,"_kad_post_footer":false,"footnotes":""},"class_list":["post-156","page","type-page","status-publish","hentry"],"yoast_head":"<!-- This site is optimized with the Yoast SEO plugin v26.2 - https:\/\/yoast.com\/wordpress\/plugins\/seo\/ -->\n<title>Quem Somos - Appanee<\/title>\n<meta name=\"robots\" content=\"index, follow, max-snippet:-1, max-image-preview:large, max-video-preview:-1\" \/>\n<link rel=\"canonical\" href=\"https:\/\/appanee.com\/de\/quem-somos\/\" \/>\n<meta property=\"og:locale\" content=\"de_DE\" \/>\n<meta property=\"og:type\" content=\"article\" \/>\n<meta property=\"og:title\" content=\"Quem Somos - Appanee\" \/>\n<meta property=\"og:description\" content=\"Seja bem-vindo ao appanee.com, um portal criado com o prop\u00f3sito de informar, orientar e facilitar o acesso dos brasileiros \u00e0s informa\u00e7\u00f5es sobre benef\u00edcios governamentais nos Estados Unidos. Nosso objetivo \u00e9 oferecer conte\u00fados claros, atualizados e confi\u00e1veis sobre programas sociais, aux\u00edlios financeiros, benef\u00edcios para imigrantes, cidad\u00e3os americanos e residentes legais. Sabemos que entender os sistemas de...\" \/>\n<meta property=\"og:url\" content=\"https:\/\/appanee.com\/de\/quem-somos\/\" \/>\n<meta property=\"og:site_name\" content=\"Appanee\" \/>\n<meta property=\"article:modified_time\" content=\"2025-10-30T12:45:13+00:00\" \/>\n<meta name=\"twitter:card\" content=\"summary_large_image\" \/>\n<meta name=\"twitter:label1\" content=\"Gesch\u00e4tzte Lesezeit\" \/>\n\t<meta name=\"twitter:data1\" content=\"2\u00a0Minuten\" \/>\n<script type=\"application\/ld+json\" class=\"yoast-schema-graph\">{\"@context\":\"https:\/\/schema.org\",\"@graph\":[{\"@type\":\"WebPage\",\"@id\":\"https:\/\/appanee.com\/quem-somos\/\",\"url\":\"https:\/\/appanee.com\/quem-somos\/\",\"name\":\"Quem Somos - Appanee\",\"isPartOf\":{\"@id\":\"https:\/\/appanee.com\/#website\"},\"datePublished\":\"2025-06-28T18:28:18+00:00\",\"dateModified\":\"2025-10-30T12:45:13+00:00\",\"breadcrumb\":{\"@id\":\"https:\/\/appanee.com\/quem-somos\/#breadcrumb\"},\"inLanguage\":\"de\",\"potentialAction\":[{\"@type\":\"ReadAction\",\"target\":[\"https:\/\/appanee.com\/quem-somos\/\"]}]},{\"@type\":\"BreadcrumbList\",\"@id\":\"https:\/\/appanee.com\/quem-somos\/#breadcrumb\",\"itemListElement\":[{\"@type\":\"ListItem\",\"position\":1,\"name\":\"In\u00edcio\",\"item\":\"https:\/\/appanee.com\/\"},{\"@type\":\"ListItem\",\"position\":2,\"name\":\"Quem Somos\"}]},{\"@type\":\"WebSite\",\"@id\":\"https:\/\/appanee.com\/#website\",\"url\":\"https:\/\/appanee.com\/\",\"name\":\"Appanee\",\"description\":\"Benef\u00edcios Sociais Americanos\",\"publisher\":{\"@id\":\"https:\/\/appanee.com\/#organization\"},\"potentialAction\":[{\"@type\":\"SearchAction\",\"target\":{\"@type\":\"EntryPoint\",\"urlTemplate\":\"https:\/\/appanee.com\/?s={search_term_string}\"},\"query-input\":{\"@type\":\"PropertyValueSpecification\",\"valueRequired\":true,\"valueName\":\"search_term_string\"}}],\"inLanguage\":\"de\"},{\"@type\":\"Organization\",\"@id\":\"https:\/\/appanee.com\/#organization\",\"name\":\"Appanee\",\"url\":\"https:\/\/appanee.com\/\",\"logo\":{\"@type\":\"ImageObject\",\"inLanguage\":\"de\",\"@id\":\"https:\/\/appanee.com\/#\/schema\/logo\/image\/\",\"url\":\"https:\/\/appanee.com\/wp-content\/uploads\/2025\/08\/cropped-blog-appanee.png\",\"contentUrl\":\"https:\/\/appanee.com\/wp-content\/uploads\/2025\/08\/cropped-blog-appanee.png\",\"width\":200,\"height\":80,\"caption\":\"Appanee\"},\"image\":{\"@id\":\"https:\/\/appanee.com\/#\/schema\/logo\/image\/\"}}]}<\/script>\n<!-- \/ Yoast SEO plugin. -->","yoast_head_json":{"title":"\u00dcber uns \u2013 Appanee","robots":{"index":"index","follow":"follow","max-snippet":"max-snippet:-1","max-image-preview":"max-image-preview:large","max-video-preview":"max-video-preview:-1"},"canonical":"https:\/\/appanee.com\/de\/quem-somos\/","og_locale":"de_DE","og_type":"article","og_title":"Quem Somos - Appanee","og_description":"Seja bem-vindo ao appanee.com, um portal criado com o prop\u00f3sito de informar, orientar e facilitar o acesso dos brasileiros \u00e0s informa\u00e7\u00f5es sobre benef\u00edcios governamentais nos Estados Unidos. Nosso objetivo \u00e9 oferecer conte\u00fados claros, atualizados e confi\u00e1veis sobre programas sociais, aux\u00edlios financeiros, benef\u00edcios para imigrantes, cidad\u00e3os americanos e residentes legais. Sabemos que entender os sistemas de...","og_url":"https:\/\/appanee.com\/de\/quem-somos\/","og_site_name":"Appanee","article_modified_time":"2025-10-30T12:45:13+00:00","twitter_card":"summary_large_image","twitter_misc":{"Gesch\u00e4tzte Lesezeit":"2\u00a0Minuten"},"schema":{"@context":"https:\/\/schema.org","@graph":[{"@type":"WebPage","@id":"https:\/\/appanee.com\/quem-somos\/","url":"https:\/\/appanee.com\/quem-somos\/","name":"\u00dcber uns \u2013 Appanee","isPartOf":{"@id":"https:\/\/appanee.com\/#website"},"datePublished":"2025-06-28T18:28:18+00:00","dateModified":"2025-10-30T12:45:13+00:00","breadcrumb":{"@id":"https:\/\/appanee.com\/quem-somos\/#breadcrumb"},"inLanguage":"de","potentialAction":[{"@type":"ReadAction","target":["https:\/\/appanee.com\/quem-somos\/"]}]},{"@type":"BreadcrumbList","@id":"https:\/\/appanee.com\/quem-somos\/#breadcrumb","itemListElement":[{"@type":"ListItem","position":1,"name":"In\u00edcio","item":"https:\/\/appanee.com\/"},{"@type":"ListItem","position":2,"name":"Quem Somos"}]},{"@type":"WebSite","@id":"https:\/\/appanee.com\/#website","url":"https:\/\/appanee.com\/","name":"Appanee","description":"Amerikanische Sozialleistungen","publisher":{"@id":"https:\/\/appanee.com\/#organization"},"potentialAction":[{"@type":"SearchAction","target":{"@type":"EntryPoint","urlTemplate":"https:\/\/appanee.com\/?s={search_term_string}"},"query-input":{"@type":"PropertyValueSpecification","valueRequired":true,"valueName":"search_term_string"}}],"inLanguage":"de"},{"@type":"Organization","@id":"https:\/\/appanee.com\/#organization","name":"Appanee","url":"https:\/\/appanee.com\/","logo":{"@type":"ImageObject","inLanguage":"de","@id":"https:\/\/appanee.com\/#\/schema\/logo\/image\/","url":"https:\/\/appanee.com\/wp-content\/uploads\/2025\/08\/cropped-blog-appanee.png","contentUrl":"https:\/\/appanee.com\/wp-content\/uploads\/2025\/08\/cropped-blog-appanee.png","width":200,"height":80,"caption":"Appanee"},"image":{"@id":"https:\/\/appanee.com\/#\/schema\/logo\/image\/"}}]}},"_links":{"self":[{"href":"https:\/\/appanee.com\/de\/wp-json\/wp\/v2\/pages\/156","targetHints":{"allow":["GET"]}}],"collection":[{"href":"https:\/\/appanee.com\/de\/wp-json\/wp\/v2\/pages"}],"about":[{"href":"https:\/\/appanee.com\/de\/wp-json\/wp\/v2\/types\/page"}],"author":[{"embeddable":true,"href":"https:\/\/appanee.com\/de\/wp-json\/wp\/v2\/users\/2"}],"replies":[{"embeddable":true,"href":"https:\/\/appanee.com\/de\/wp-json\/wp\/v2\/comments?post=156"}],"version-history":[{"count":2,"href":"https:\/\/appanee.com\/de\/wp-json\/wp\/v2\/pages\/156\/revisions"}],"predecessor-version":[{"id":631,"href":"https:\/\/appanee.com\/de\/wp-json\/wp\/v2\/pages\/156\/revisions\/631"}],"wp:attachment":[{"href":"https:\/\/appanee.com\/de\/wp-json\/wp\/v2\/media?parent=156"}],"curies":[{"name":"wp","href":"https:\/\/api.w.org\/{rel}","templated":true}]}}