{"id":156,"date":"2025-06-28T18:28:18","date_gmt":"2025-06-28T18:28:18","guid":{"rendered":"http:\/\/162.243.41.210\/?page_id=156"},"modified":"2025-10-30T12:45:13","modified_gmt":"2025-10-30T12:45:13","slug":"quem-somos","status":"publish","type":"page","link":"https:\/\/appanee.com\/en\/quem-somos\/","title":{"rendered":"Who we are"},"content":{"rendered":"<p>Welcome to <strong>appanee.com<\/strong>, a portal created with the purpose of informing, guiding and facilitating Brazilians' access to information on <strong>government benefits in the United States<\/strong>.<\/p>\n\n\n\n<p>Our goal is to offer clear, up-to-date and reliable content on social programs, financial aid and benefits for immigrants, American citizens and legal residents. We know that understanding government aid systems in the US can be complex, especially for those who are new to the country or face language barriers - that's why our content is 100% in Portuguese.<\/p>\n\n\n\n<p><strong>Why did we create appanee.com?<\/strong><\/p>\n\n\n\n<p>We believe that everyone should have access to quality information in order to make safer and more informed decisions. We created this site to be a bridge between you and the resources that can improve your life in the United States. Whether you are a new immigrant or someone who has lived in the country for years, here you will find useful, organized and easy-to-understand information.<\/p>\n\n\n\n<p><strong>Our commitment:<\/strong><\/p>\n\n\n\n<ul class=\"wp-block-list\">\n<li>Publish content based on official and reliable sources;<\/li>\n\n\n\n<li>Constantly update the information according to changes in benefit rules;<\/li>\n\n\n\n<li>Listening to our readers and answering their questions responsibly and respectfully.<\/li>\n<\/ul>\n\n\n\n<p><strong>Thank you for visiting appanee.com. We are here to help you understand and take advantage of the benefits available in the United States.<\/strong><\/p>","protected":false},"excerpt":{"rendered":"<p>Seja bem-vindo ao appanee.com, um portal criado com o prop\u00f3sito de informar, orientar e facilitar o acesso dos brasileiros \u00e0s informa\u00e7\u00f5es sobre benef\u00edcios governamentais nos Estados Unidos. Nosso objetivo \u00e9 oferecer conte\u00fados claros, atualizados e confi\u00e1veis sobre programas sociais, aux\u00edlios financeiros, benef\u00edcios para imigrantes, cidad\u00e3os americanos e residentes legais. Sabemos que entender os sistemas de&#8230;<\/p>","protected":false},"author":2,"featured_media":0,"parent":0,"menu_order":0,"comment_status":"closed","ping_status":"closed","template":"","meta":{"_kad_post_transparent":"","_kad_post_title":"","_kad_post_layout":"","_kad_post_sidebar_id":"","_kad_post_content_style":"","_kad_post_vertical_padding":"","_kad_post_feature":"","_kad_post_feature_position":"","_kad_post_header":false,"_kad_post_footer":false,"footnotes":""},"class_list":["post-156","page","type-page","status-publish","hentry"],"yoast_head":"<!-- This site is optimized with the Yoast SEO plugin v26.2 - https:\/\/yoast.com\/wordpress\/plugins\/seo\/ -->\n<title>Quem Somos - Appanee<\/title>\n<meta name=\"robots\" content=\"index, follow, max-snippet:-1, max-image-preview:large, max-video-preview:-1\" \/>\n<link rel=\"canonical\" href=\"https:\/\/appanee.com\/en\/quem-somos\/\" \/>\n<meta property=\"og:locale\" content=\"en_US\" \/>\n<meta property=\"og:type\" content=\"article\" \/>\n<meta property=\"og:title\" content=\"Quem Somos - Appanee\" \/>\n<meta property=\"og:description\" content=\"Seja bem-vindo ao appanee.com, um portal criado com o prop\u00f3sito de informar, orientar e facilitar o acesso dos brasileiros \u00e0s informa\u00e7\u00f5es sobre benef\u00edcios governamentais nos Estados Unidos. Nosso objetivo \u00e9 oferecer conte\u00fados claros, atualizados e confi\u00e1veis sobre programas sociais, aux\u00edlios financeiros, benef\u00edcios para imigrantes, cidad\u00e3os americanos e residentes legais. Sabemos que entender os sistemas de...\" \/>\n<meta property=\"og:url\" content=\"https:\/\/appanee.com\/en\/quem-somos\/\" \/>\n<meta property=\"og:site_name\" content=\"Appanee\" \/>\n<meta property=\"article:modified_time\" content=\"2025-10-30T12:45:13+00:00\" \/>\n<meta name=\"twitter:card\" content=\"summary_large_image\" \/>\n<meta name=\"twitter:label1\" content=\"Est. reading time\" \/>\n\t<meta name=\"twitter:data1\" content=\"2 minutes\" \/>\n<script type=\"application\/ld+json\" class=\"yoast-schema-graph\">{\"@context\":\"https:\/\/schema.org\",\"@graph\":[{\"@type\":\"WebPage\",\"@id\":\"https:\/\/appanee.com\/quem-somos\/\",\"url\":\"https:\/\/appanee.com\/quem-somos\/\",\"name\":\"Quem Somos - Appanee\",\"isPartOf\":{\"@id\":\"https:\/\/appanee.com\/#website\"},\"datePublished\":\"2025-06-28T18:28:18+00:00\",\"dateModified\":\"2025-10-30T12:45:13+00:00\",\"breadcrumb\":{\"@id\":\"https:\/\/appanee.com\/quem-somos\/#breadcrumb\"},\"inLanguage\":\"en-US\",\"potentialAction\":[{\"@type\":\"ReadAction\",\"target\":[\"https:\/\/appanee.com\/quem-somos\/\"]}]},{\"@type\":\"BreadcrumbList\",\"@id\":\"https:\/\/appanee.com\/quem-somos\/#breadcrumb\",\"itemListElement\":[{\"@type\":\"ListItem\",\"position\":1,\"name\":\"In\u00edcio\",\"item\":\"https:\/\/appanee.com\/\"},{\"@type\":\"ListItem\",\"position\":2,\"name\":\"Quem Somos\"}]},{\"@type\":\"WebSite\",\"@id\":\"https:\/\/appanee.com\/#website\",\"url\":\"https:\/\/appanee.com\/\",\"name\":\"Appanee\",\"description\":\"Benef\u00edcios Sociais Americanos\",\"publisher\":{\"@id\":\"https:\/\/appanee.com\/#organization\"},\"potentialAction\":[{\"@type\":\"SearchAction\",\"target\":{\"@type\":\"EntryPoint\",\"urlTemplate\":\"https:\/\/appanee.com\/?s={search_term_string}\"},\"query-input\":{\"@type\":\"PropertyValueSpecification\",\"valueRequired\":true,\"valueName\":\"search_term_string\"}}],\"inLanguage\":\"en-US\"},{\"@type\":\"Organization\",\"@id\":\"https:\/\/appanee.com\/#organization\",\"name\":\"Appanee\",\"url\":\"https:\/\/appanee.com\/\",\"logo\":{\"@type\":\"ImageObject\",\"inLanguage\":\"en-US\",\"@id\":\"https:\/\/appanee.com\/#\/schema\/logo\/image\/\",\"url\":\"https:\/\/appanee.com\/wp-content\/uploads\/2025\/08\/cropped-blog-appanee.png\",\"contentUrl\":\"https:\/\/appanee.com\/wp-content\/uploads\/2025\/08\/cropped-blog-appanee.png\",\"width\":200,\"height\":80,\"caption\":\"Appanee\"},\"image\":{\"@id\":\"https:\/\/appanee.com\/#\/schema\/logo\/image\/\"}}]}<\/script>\n<!-- \/ Yoast SEO plugin. -->","yoast_head_json":{"title":"Quem Somos - Appanee","robots":{"index":"index","follow":"follow","max-snippet":"max-snippet:-1","max-image-preview":"max-image-preview:large","max-video-preview":"max-video-preview:-1"},"canonical":"https:\/\/appanee.com\/en\/quem-somos\/","og_locale":"en_US","og_type":"article","og_title":"Quem Somos - Appanee","og_description":"Seja bem-vindo ao appanee.com, um portal criado com o prop\u00f3sito de informar, orientar e facilitar o acesso dos brasileiros \u00e0s informa\u00e7\u00f5es sobre benef\u00edcios governamentais nos Estados Unidos. Nosso objetivo \u00e9 oferecer conte\u00fados claros, atualizados e confi\u00e1veis sobre programas sociais, aux\u00edlios financeiros, benef\u00edcios para imigrantes, cidad\u00e3os americanos e residentes legais. Sabemos que entender os sistemas de...","og_url":"https:\/\/appanee.com\/en\/quem-somos\/","og_site_name":"Appanee","article_modified_time":"2025-10-30T12:45:13+00:00","twitter_card":"summary_large_image","twitter_misc":{"Est. reading time":"2 minutes"},"schema":{"@context":"https:\/\/schema.org","@graph":[{"@type":"WebPage","@id":"https:\/\/appanee.com\/quem-somos\/","url":"https:\/\/appanee.com\/quem-somos\/","name":"Quem Somos - Appanee","isPartOf":{"@id":"https:\/\/appanee.com\/#website"},"datePublished":"2025-06-28T18:28:18+00:00","dateModified":"2025-10-30T12:45:13+00:00","breadcrumb":{"@id":"https:\/\/appanee.com\/quem-somos\/#breadcrumb"},"inLanguage":"en-US","potentialAction":[{"@type":"ReadAction","target":["https:\/\/appanee.com\/quem-somos\/"]}]},{"@type":"BreadcrumbList","@id":"https:\/\/appanee.com\/quem-somos\/#breadcrumb","itemListElement":[{"@type":"ListItem","position":1,"name":"In\u00edcio","item":"https:\/\/appanee.com\/"},{"@type":"ListItem","position":2,"name":"Quem Somos"}]},{"@type":"WebSite","@id":"https:\/\/appanee.com\/#website","url":"https:\/\/appanee.com\/","name":"Appanee","description":"American Social Benefits","publisher":{"@id":"https:\/\/appanee.com\/#organization"},"potentialAction":[{"@type":"SearchAction","target":{"@type":"EntryPoint","urlTemplate":"https:\/\/appanee.com\/?s={search_term_string}"},"query-input":{"@type":"PropertyValueSpecification","valueRequired":true,"valueName":"search_term_string"}}],"inLanguage":"en-US"},{"@type":"Organization","@id":"https:\/\/appanee.com\/#organization","name":"Appanee","url":"https:\/\/appanee.com\/","logo":{"@type":"ImageObject","inLanguage":"en-US","@id":"https:\/\/appanee.com\/#\/schema\/logo\/image\/","url":"https:\/\/appanee.com\/wp-content\/uploads\/2025\/08\/cropped-blog-appanee.png","contentUrl":"https:\/\/appanee.com\/wp-content\/uploads\/2025\/08\/cropped-blog-appanee.png","width":200,"height":80,"caption":"Appanee"},"image":{"@id":"https:\/\/appanee.com\/#\/schema\/logo\/image\/"}}]}},"_links":{"self":[{"href":"https:\/\/appanee.com\/en\/wp-json\/wp\/v2\/pages\/156","targetHints":{"allow":["GET"]}}],"collection":[{"href":"https:\/\/appanee.com\/en\/wp-json\/wp\/v2\/pages"}],"about":[{"href":"https:\/\/appanee.com\/en\/wp-json\/wp\/v2\/types\/page"}],"author":[{"embeddable":true,"href":"https:\/\/appanee.com\/en\/wp-json\/wp\/v2\/users\/2"}],"replies":[{"embeddable":true,"href":"https:\/\/appanee.com\/en\/wp-json\/wp\/v2\/comments?post=156"}],"version-history":[{"count":2,"href":"https:\/\/appanee.com\/en\/wp-json\/wp\/v2\/pages\/156\/revisions"}],"predecessor-version":[{"id":631,"href":"https:\/\/appanee.com\/en\/wp-json\/wp\/v2\/pages\/156\/revisions\/631"}],"wp:attachment":[{"href":"https:\/\/appanee.com\/en\/wp-json\/wp\/v2\/media?parent=156"}],"curies":[{"name":"wp","href":"https:\/\/api.w.org\/{rel}","templated":true}]}}