{"id":134,"date":"2025-06-28T18:26:18","date_gmt":"2025-06-28T18:26:18","guid":{"rendered":"http:\/\/162.243.41.210\/?page_id=134"},"modified":"2025-10-30T12:44:42","modified_gmt":"2025-10-30T12:44:42","slug":"politica-de-privacidade-appanee-com","status":"publish","type":"page","link":"https:\/\/appanee.com\/fr\/politica-de-privacidade-appanee-com\/","title":{"rendered":"Politique de confidentialit\u00e9"},"content":{"rendered":"<p>Chez appanee.com, la confidentialit\u00e9 et la transparence sont nos priorit\u00e9s. Cette politique de confidentialit\u00e9 explique comment nous collectons, utilisons et prot\u00e9geons les informations personnelles des utilisateurs de notre site web. En utilisant notre site web, vous acceptez les termes de cette politique.<\/p>\n\n\n\n<h4 class=\"wp-block-heading\">1. Informations que nous collectons<\/h4>\n\n\n\n<p>Nous collectons des informations de diff\u00e9rentes mani\u00e8res pour am\u00e9liorer l&#039;exp\u00e9rience utilisateur :<\/p>\n\n\n\n<ul class=\"wp-block-list\">\n<li><strong>Informations fournies par l&#039;utilisateur :<\/strong> Nom, email et autres informations saisies volontairement dans les formulaires de contact ou les abonnements \u00e0 la newsletter.<\/li>\n\n\n\n<li><strong>Informations de navigation :<\/strong> Des donn\u00e9es telles que l&#039;adresse IP, la localisation g\u00e9ographique, le type de navigateur, la dur\u00e9e de la visite et les pages consult\u00e9es, collect\u00e9es automatiquement par des outils d&#039;analyse.<\/li>\n<\/ul>\n\n\n\n<h4 class=\"wp-block-heading\">2. Utilisation des informations<\/h4>\n\n\n\n<p>Les informations collect\u00e9es sont utilis\u00e9es pour :<\/p>\n\n\n\n<ul class=\"wp-block-list\">\n<li>Am\u00e9liorer le contenu et les fonctionnalit\u00e9s du site Web\u00a0;<\/li>\n\n\n\n<li>R\u00e9pondre aux requ\u00eates et demandes des utilisateurs ;<\/li>\n\n\n\n<li>Envoyer du contenu informatif et promotionnel, si l&#039;utilisateur y a consenti ;<\/li>\n\n\n\n<li>Assurer la s\u00e9curit\u00e9 et pr\u00e9venir les activit\u00e9s frauduleuses.<\/li>\n<\/ul>\n\n\n\n<h4 class=\"wp-block-heading\">3. Partage d&#039;informations<\/h4>\n\n\n\n<p>Nous ne vendons, ne louons ni ne partageons vos informations personnelles avec des tiers, sauf dans les cas suivants :<\/p>\n\n\n\n<ul class=\"wp-block-list\">\n<li>Lorsque la loi ou une d\u00e9cision de justice l\u2019exige ;<\/li>\n\n\n\n<li>Pour prot\u00e9ger les droits l\u00e9gaux d&#039;appanee.com ;<\/li>\n\n\n\n<li>Avec des prestataires de services qui aident au fonctionnement du site, dans le cadre d&#039;un accord de confidentialit\u00e9.<\/li>\n<\/ul>\n\n\n\n<h4 class=\"wp-block-heading\">4. Cookies<\/h4>\n\n\n\n<p>Nous utilisons des cookies pour am\u00e9liorer la navigation et proposer un contenu personnalis\u00e9. L&#039;utilisation des cookies est d\u00e9taill\u00e9e dans notre <a class=\"\" href=\"#\">Politique en mati\u00e8re de cookies<\/a>L&#039;utilisateur peut g\u00e9rer l&#039;utilisation des cookies dans les param\u00e8tres de son navigateur.<\/p>\n\n\n\n<h4 class=\"wp-block-heading\">5. S\u00e9curit\u00e9 de l&#039;information<\/h4>\n\n\n\n<p>Nous utilisons des mesures techniques et organisationnelles appropri\u00e9es pour prot\u00e9ger vos donn\u00e9es personnelles contre tout acc\u00e8s, alt\u00e9ration, divulgation ou destruction non autoris\u00e9s.<\/p>\n\n\n\n<h4 class=\"wp-block-heading\">6. Vos droits<\/h4>\n\n\n\n<p>Vous avez le droit de :<\/p>\n\n\n\n<ul class=\"wp-block-list\">\n<li>Acc\u00e9der \u00e0 vos donn\u00e9es personnelles ;<\/li>\n\n\n\n<li>Demander la correction ou la suppression des donn\u00e9es ;<\/li>\n\n\n\n<li>R\u00e9voquer le consentement pr\u00e9c\u00e9demment donn\u00e9 ;<\/li>\n\n\n\n<li>Demander une limitation de l&#039;utilisation de vos donn\u00e9es.<\/li>\n<\/ul>\n\n\n\n<h4 class=\"wp-block-heading\">7. Liens vers des sites tiers<\/h4>\n\n\n\n<p>Notre site web peut contenir des liens vers d&#039;autres sites web. Nous ne sommes pas responsables des pratiques de confidentialit\u00e9 de ces sites. Nous vous recommandons de lire les politiques de confidentialit\u00e9 de chaque site web que vous consultez.<\/p>\n\n\n\n<h4 class=\"wp-block-heading\">8. Modifications de cette politique<\/h4>\n\n\n\n<p>Nous sommes susceptibles de mettre \u00e0 jour cette politique de temps \u00e0 autre. Nous publierons toute modification sur cette page avec la date de modification. Nous vous recommandons de consulter r\u00e9guli\u00e8rement cette politique.<\/p>","protected":false},"excerpt":{"rendered":"<p>No appanee.com, privacidade e transpar\u00eancia s\u00e3o prioridades. Esta Pol\u00edtica de Privacidade explica como coletamos, usamos e protegemos as informa\u00e7\u00f5es pessoais dos usu\u00e1rios que acessam nosso site. Ao utilizar nosso site, voc\u00ea concorda com os termos desta pol\u00edtica. 1. Informa\u00e7\u00f5es que Coletamos Coletamos informa\u00e7\u00f5es de diferentes formas para melhorar a experi\u00eancia do usu\u00e1rio: 2. Uso das&#8230;<\/p>","protected":false},"author":2,"featured_media":0,"parent":0,"menu_order":0,"comment_status":"closed","ping_status":"closed","template":"","meta":{"_kad_post_transparent":"","_kad_post_title":"","_kad_post_layout":"","_kad_post_sidebar_id":"","_kad_post_content_style":"","_kad_post_vertical_padding":"","_kad_post_feature":"","_kad_post_feature_position":"","_kad_post_header":false,"_kad_post_footer":false,"footnotes":""},"class_list":["post-134","page","type-page","status-publish","hentry"],"yoast_head":"<!-- This site is optimized with the Yoast SEO plugin v26.2 - https:\/\/yoast.com\/wordpress\/plugins\/seo\/ -->\n<title>Pol\u00edtica de Privacidade - Appanee<\/title>\n<meta name=\"robots\" content=\"index, follow, max-snippet:-1, max-image-preview:large, max-video-preview:-1\" \/>\n<link rel=\"canonical\" href=\"https:\/\/appanee.com\/fr\/politica-de-privacidade-appanee-com\/\" \/>\n<meta property=\"og:locale\" content=\"fr_FR\" \/>\n<meta property=\"og:type\" content=\"article\" \/>\n<meta property=\"og:title\" content=\"Pol\u00edtica de Privacidade - Appanee\" \/>\n<meta property=\"og:description\" content=\"No appanee.com, privacidade e transpar\u00eancia s\u00e3o prioridades. Esta Pol\u00edtica de Privacidade explica como coletamos, usamos e protegemos as informa\u00e7\u00f5es pessoais dos usu\u00e1rios que acessam nosso site. Ao utilizar nosso site, voc\u00ea concorda com os termos desta pol\u00edtica. 1. Informa\u00e7\u00f5es que Coletamos Coletamos informa\u00e7\u00f5es de diferentes formas para melhorar a experi\u00eancia do usu\u00e1rio: 2. Uso das...\" \/>\n<meta property=\"og:url\" content=\"https:\/\/appanee.com\/fr\/politica-de-privacidade-appanee-com\/\" \/>\n<meta property=\"og:site_name\" content=\"Appanee\" \/>\n<meta property=\"article:modified_time\" content=\"2025-10-30T12:44:42+00:00\" \/>\n<meta name=\"twitter:card\" content=\"summary_large_image\" \/>\n<meta name=\"twitter:label1\" content=\"Dur\u00e9e de lecture estim\u00e9e\" \/>\n\t<meta name=\"twitter:data1\" content=\"2 minutes\" \/>\n<script type=\"application\/ld+json\" class=\"yoast-schema-graph\">{\"@context\":\"https:\/\/schema.org\",\"@graph\":[{\"@type\":\"WebPage\",\"@id\":\"https:\/\/appanee.com\/politica-de-privacidade-appanee-com\/\",\"url\":\"https:\/\/appanee.com\/politica-de-privacidade-appanee-com\/\",\"name\":\"Pol\u00edtica de Privacidade - Appanee\",\"isPartOf\":{\"@id\":\"https:\/\/appanee.com\/#website\"},\"datePublished\":\"2025-06-28T18:26:18+00:00\",\"dateModified\":\"2025-10-30T12:44:42+00:00\",\"breadcrumb\":{\"@id\":\"https:\/\/appanee.com\/politica-de-privacidade-appanee-com\/#breadcrumb\"},\"inLanguage\":\"fr-FR\",\"potentialAction\":[{\"@type\":\"ReadAction\",\"target\":[\"https:\/\/appanee.com\/politica-de-privacidade-appanee-com\/\"]}]},{\"@type\":\"BreadcrumbList\",\"@id\":\"https:\/\/appanee.com\/politica-de-privacidade-appanee-com\/#breadcrumb\",\"itemListElement\":[{\"@type\":\"ListItem\",\"position\":1,\"name\":\"In\u00edcio\",\"item\":\"https:\/\/appanee.com\/\"},{\"@type\":\"ListItem\",\"position\":2,\"name\":\"Pol\u00edtica de Privacidade\"}]},{\"@type\":\"WebSite\",\"@id\":\"https:\/\/appanee.com\/#website\",\"url\":\"https:\/\/appanee.com\/\",\"name\":\"Appanee\",\"description\":\"Benef\u00edcios Sociais Americanos\",\"publisher\":{\"@id\":\"https:\/\/appanee.com\/#organization\"},\"potentialAction\":[{\"@type\":\"SearchAction\",\"target\":{\"@type\":\"EntryPoint\",\"urlTemplate\":\"https:\/\/appanee.com\/?s={search_term_string}\"},\"query-input\":{\"@type\":\"PropertyValueSpecification\",\"valueRequired\":true,\"valueName\":\"search_term_string\"}}],\"inLanguage\":\"fr-FR\"},{\"@type\":\"Organization\",\"@id\":\"https:\/\/appanee.com\/#organization\",\"name\":\"Appanee\",\"url\":\"https:\/\/appanee.com\/\",\"logo\":{\"@type\":\"ImageObject\",\"inLanguage\":\"fr-FR\",\"@id\":\"https:\/\/appanee.com\/#\/schema\/logo\/image\/\",\"url\":\"https:\/\/appanee.com\/wp-content\/uploads\/2025\/08\/cropped-blog-appanee.png\",\"contentUrl\":\"https:\/\/appanee.com\/wp-content\/uploads\/2025\/08\/cropped-blog-appanee.png\",\"width\":200,\"height\":80,\"caption\":\"Appanee\"},\"image\":{\"@id\":\"https:\/\/appanee.com\/#\/schema\/logo\/image\/\"}}]}<\/script>\n<!-- \/ Yoast SEO plugin. -->","yoast_head_json":{"title":"Pol\u00edtica de Privacidade - Appanee","robots":{"index":"index","follow":"follow","max-snippet":"max-snippet:-1","max-image-preview":"max-image-preview:large","max-video-preview":"max-video-preview:-1"},"canonical":"https:\/\/appanee.com\/fr\/politica-de-privacidade-appanee-com\/","og_locale":"fr_FR","og_type":"article","og_title":"Pol\u00edtica de Privacidade - Appanee","og_description":"No appanee.com, privacidade e transpar\u00eancia s\u00e3o prioridades. Esta Pol\u00edtica de Privacidade explica como coletamos, usamos e protegemos as informa\u00e7\u00f5es pessoais dos usu\u00e1rios que acessam nosso site. Ao utilizar nosso site, voc\u00ea concorda com os termos desta pol\u00edtica. 1. Informa\u00e7\u00f5es que Coletamos Coletamos informa\u00e7\u00f5es de diferentes formas para melhorar a experi\u00eancia do usu\u00e1rio: 2. Uso das...","og_url":"https:\/\/appanee.com\/fr\/politica-de-privacidade-appanee-com\/","og_site_name":"Appanee","article_modified_time":"2025-10-30T12:44:42+00:00","twitter_card":"summary_large_image","twitter_misc":{"Dur\u00e9e de lecture estim\u00e9e":"2 minutes"},"schema":{"@context":"https:\/\/schema.org","@graph":[{"@type":"WebPage","@id":"https:\/\/appanee.com\/politica-de-privacidade-appanee-com\/","url":"https:\/\/appanee.com\/politica-de-privacidade-appanee-com\/","name":"Pol\u00edtica de Privacidade - Appanee","isPartOf":{"@id":"https:\/\/appanee.com\/#website"},"datePublished":"2025-06-28T18:26:18+00:00","dateModified":"2025-10-30T12:44:42+00:00","breadcrumb":{"@id":"https:\/\/appanee.com\/politica-de-privacidade-appanee-com\/#breadcrumb"},"inLanguage":"fr-FR","potentialAction":[{"@type":"ReadAction","target":["https:\/\/appanee.com\/politica-de-privacidade-appanee-com\/"]}]},{"@type":"BreadcrumbList","@id":"https:\/\/appanee.com\/politica-de-privacidade-appanee-com\/#breadcrumb","itemListElement":[{"@type":"ListItem","position":1,"name":"In\u00edcio","item":"https:\/\/appanee.com\/"},{"@type":"ListItem","position":2,"name":"Pol\u00edtica de Privacidade"}]},{"@type":"WebSite","@id":"https:\/\/appanee.com\/#website","url":"https:\/\/appanee.com\/","name":"Appanee","description":"prestations sociales am\u00e9ricaines","publisher":{"@id":"https:\/\/appanee.com\/#organization"},"potentialAction":[{"@type":"SearchAction","target":{"@type":"EntryPoint","urlTemplate":"https:\/\/appanee.com\/?s={search_term_string}"},"query-input":{"@type":"PropertyValueSpecification","valueRequired":true,"valueName":"search_term_string"}}],"inLanguage":"fr-FR"},{"@type":"Organization","@id":"https:\/\/appanee.com\/#organization","name":"Appanee","url":"https:\/\/appanee.com\/","logo":{"@type":"ImageObject","inLanguage":"fr-FR","@id":"https:\/\/appanee.com\/#\/schema\/logo\/image\/","url":"https:\/\/appanee.com\/wp-content\/uploads\/2025\/08\/cropped-blog-appanee.png","contentUrl":"https:\/\/appanee.com\/wp-content\/uploads\/2025\/08\/cropped-blog-appanee.png","width":200,"height":80,"caption":"Appanee"},"image":{"@id":"https:\/\/appanee.com\/#\/schema\/logo\/image\/"}}]}},"_links":{"self":[{"href":"https:\/\/appanee.com\/fr\/wp-json\/wp\/v2\/pages\/134","targetHints":{"allow":["GET"]}}],"collection":[{"href":"https:\/\/appanee.com\/fr\/wp-json\/wp\/v2\/pages"}],"about":[{"href":"https:\/\/appanee.com\/fr\/wp-json\/wp\/v2\/types\/page"}],"author":[{"embeddable":true,"href":"https:\/\/appanee.com\/fr\/wp-json\/wp\/v2\/users\/2"}],"replies":[{"embeddable":true,"href":"https:\/\/appanee.com\/fr\/wp-json\/wp\/v2\/comments?post=134"}],"version-history":[{"count":3,"href":"https:\/\/appanee.com\/fr\/wp-json\/wp\/v2\/pages\/134\/revisions"}],"predecessor-version":[{"id":630,"href":"https:\/\/appanee.com\/fr\/wp-json\/wp\/v2\/pages\/134\/revisions\/630"}],"wp:attachment":[{"href":"https:\/\/appanee.com\/fr\/wp-json\/wp\/v2\/media?parent=134"}],"curies":[{"name":"wp","href":"https:\/\/api.w.org\/{rel}","templated":true}]}}