{"id":156,"date":"2025-06-28T18:28:18","date_gmt":"2025-06-28T18:28:18","guid":{"rendered":"http:\/\/162.243.41.210\/?page_id=156"},"modified":"2025-10-30T12:45:13","modified_gmt":"2025-10-30T12:45:13","slug":"quem-somos","status":"publish","type":"page","link":"https:\/\/appanee.com\/fr\/quem-somos\/","title":{"rendered":"Qui sommes-nous ?"},"content":{"rendered":"<p>Bienvenue \u00e0 <strong>appanee.com<\/strong>, un portail cr\u00e9\u00e9 dans le but d&#039;informer, de guider et de faciliter l&#039;acc\u00e8s des Br\u00e9siliens \u00e0 l&#039;information sur <strong>prestations gouvernementales aux \u00c9tats-Unis<\/strong>.<\/p>\n\n\n\n<p>Notre objectif est de fournir un contenu clair, actualis\u00e9 et fiable sur les programmes sociaux, l&#039;aide financi\u00e8re et les prestations sociales pour les immigrants, les citoyens am\u00e9ricains et les r\u00e9sidents l\u00e9gaux. Nous savons que comprendre les syst\u00e8mes d&#039;aide gouvernementale aux \u00c9tats-Unis peut \u00eatre complexe, en particulier pour les nouveaux arrivants ou confront\u00e9s \u00e0 la barri\u00e8re de la langue. C&#039;est pourquoi notre contenu est 100% en portugais.<\/p>\n\n\n\n<p><strong>Pourquoi avons-nous cr\u00e9\u00e9 appanee.com ?<\/strong><\/p>\n\n\n\n<p>Nous pensons que chacun devrait avoir acc\u00e8s \u00e0 des informations de qualit\u00e9 pour prendre des d\u00e9cisions plus s\u00fbres et plus \u00e9clair\u00e9es. Nous avons cr\u00e9\u00e9 ce site web pour vous permettre d&#039;acc\u00e9der aux ressources qui peuvent am\u00e9liorer votre vie aux \u00c9tats-Unis. Que vous soyez un nouvel immigrant ou que vous r\u00e9sidiez aux \u00c9tats-Unis depuis des ann\u00e9es, vous trouverez ici des informations utiles, structur\u00e9es et faciles \u00e0 comprendre.<\/p>\n\n\n\n<p><strong>Notre engagement :<\/strong><\/p>\n\n\n\n<ul class=\"wp-block-list\">\n<li>Publier du contenu bas\u00e9 sur des sources officielles et fiables ;<\/li>\n\n\n\n<li>Mettre constamment \u00e0 jour les informations \u00e0 mesure que les r\u00e8gles relatives aux prestations changent\u00a0;<\/li>\n\n\n\n<li>\u00c9coutez nos lecteurs et r\u00e9pondez \u00e0 leurs questions de mani\u00e8re responsable et respectueuse.<\/li>\n<\/ul>\n\n\n\n<p><strong>Merci de votre visite sur appanee.com. Nous sommes l\u00e0 pour vous aider \u00e0 comprendre et \u00e0 profiter des avantages offerts aux \u00c9tats-Unis.<\/strong><\/p>","protected":false},"excerpt":{"rendered":"<p>Seja bem-vindo ao appanee.com, um portal criado com o prop\u00f3sito de informar, orientar e facilitar o acesso dos brasileiros \u00e0s informa\u00e7\u00f5es sobre benef\u00edcios governamentais nos Estados Unidos. Nosso objetivo \u00e9 oferecer conte\u00fados claros, atualizados e confi\u00e1veis sobre programas sociais, aux\u00edlios financeiros, benef\u00edcios para imigrantes, cidad\u00e3os americanos e residentes legais. Sabemos que entender os sistemas de&#8230;<\/p>","protected":false},"author":2,"featured_media":0,"parent":0,"menu_order":0,"comment_status":"closed","ping_status":"closed","template":"","meta":{"_kad_post_transparent":"","_kad_post_title":"","_kad_post_layout":"","_kad_post_sidebar_id":"","_kad_post_content_style":"","_kad_post_vertical_padding":"","_kad_post_feature":"","_kad_post_feature_position":"","_kad_post_header":false,"_kad_post_footer":false,"footnotes":""},"class_list":["post-156","page","type-page","status-publish","hentry"],"yoast_head":"<!-- This site is optimized with the Yoast SEO plugin v26.2 - https:\/\/yoast.com\/wordpress\/plugins\/seo\/ -->\n<title>Quem Somos - Appanee<\/title>\n<meta name=\"robots\" content=\"index, follow, max-snippet:-1, max-image-preview:large, max-video-preview:-1\" \/>\n<link rel=\"canonical\" href=\"https:\/\/appanee.com\/fr\/quem-somos\/\" \/>\n<meta property=\"og:locale\" content=\"fr_FR\" \/>\n<meta property=\"og:type\" content=\"article\" \/>\n<meta property=\"og:title\" content=\"Quem Somos - Appanee\" \/>\n<meta property=\"og:description\" content=\"Seja bem-vindo ao appanee.com, um portal criado com o prop\u00f3sito de informar, orientar e facilitar o acesso dos brasileiros \u00e0s informa\u00e7\u00f5es sobre benef\u00edcios governamentais nos Estados Unidos. Nosso objetivo \u00e9 oferecer conte\u00fados claros, atualizados e confi\u00e1veis sobre programas sociais, aux\u00edlios financeiros, benef\u00edcios para imigrantes, cidad\u00e3os americanos e residentes legais. Sabemos que entender os sistemas de...\" \/>\n<meta property=\"og:url\" content=\"https:\/\/appanee.com\/fr\/quem-somos\/\" \/>\n<meta property=\"og:site_name\" content=\"Appanee\" \/>\n<meta property=\"article:modified_time\" content=\"2025-10-30T12:45:13+00:00\" \/>\n<meta name=\"twitter:card\" content=\"summary_large_image\" \/>\n<meta name=\"twitter:label1\" content=\"Dur\u00e9e de lecture estim\u00e9e\" \/>\n\t<meta name=\"twitter:data1\" content=\"2 minutes\" \/>\n<script type=\"application\/ld+json\" class=\"yoast-schema-graph\">{\"@context\":\"https:\/\/schema.org\",\"@graph\":[{\"@type\":\"WebPage\",\"@id\":\"https:\/\/appanee.com\/quem-somos\/\",\"url\":\"https:\/\/appanee.com\/quem-somos\/\",\"name\":\"Quem Somos - Appanee\",\"isPartOf\":{\"@id\":\"https:\/\/appanee.com\/#website\"},\"datePublished\":\"2025-06-28T18:28:18+00:00\",\"dateModified\":\"2025-10-30T12:45:13+00:00\",\"breadcrumb\":{\"@id\":\"https:\/\/appanee.com\/quem-somos\/#breadcrumb\"},\"inLanguage\":\"fr-FR\",\"potentialAction\":[{\"@type\":\"ReadAction\",\"target\":[\"https:\/\/appanee.com\/quem-somos\/\"]}]},{\"@type\":\"BreadcrumbList\",\"@id\":\"https:\/\/appanee.com\/quem-somos\/#breadcrumb\",\"itemListElement\":[{\"@type\":\"ListItem\",\"position\":1,\"name\":\"In\u00edcio\",\"item\":\"https:\/\/appanee.com\/\"},{\"@type\":\"ListItem\",\"position\":2,\"name\":\"Quem Somos\"}]},{\"@type\":\"WebSite\",\"@id\":\"https:\/\/appanee.com\/#website\",\"url\":\"https:\/\/appanee.com\/\",\"name\":\"Appanee\",\"description\":\"Benef\u00edcios Sociais Americanos\",\"publisher\":{\"@id\":\"https:\/\/appanee.com\/#organization\"},\"potentialAction\":[{\"@type\":\"SearchAction\",\"target\":{\"@type\":\"EntryPoint\",\"urlTemplate\":\"https:\/\/appanee.com\/?s={search_term_string}\"},\"query-input\":{\"@type\":\"PropertyValueSpecification\",\"valueRequired\":true,\"valueName\":\"search_term_string\"}}],\"inLanguage\":\"fr-FR\"},{\"@type\":\"Organization\",\"@id\":\"https:\/\/appanee.com\/#organization\",\"name\":\"Appanee\",\"url\":\"https:\/\/appanee.com\/\",\"logo\":{\"@type\":\"ImageObject\",\"inLanguage\":\"fr-FR\",\"@id\":\"https:\/\/appanee.com\/#\/schema\/logo\/image\/\",\"url\":\"https:\/\/appanee.com\/wp-content\/uploads\/2025\/08\/cropped-blog-appanee.png\",\"contentUrl\":\"https:\/\/appanee.com\/wp-content\/uploads\/2025\/08\/cropped-blog-appanee.png\",\"width\":200,\"height\":80,\"caption\":\"Appanee\"},\"image\":{\"@id\":\"https:\/\/appanee.com\/#\/schema\/logo\/image\/\"}}]}<\/script>\n<!-- \/ Yoast SEO plugin. -->","yoast_head_json":{"title":"Quem Somos - Appanee","robots":{"index":"index","follow":"follow","max-snippet":"max-snippet:-1","max-image-preview":"max-image-preview:large","max-video-preview":"max-video-preview:-1"},"canonical":"https:\/\/appanee.com\/fr\/quem-somos\/","og_locale":"fr_FR","og_type":"article","og_title":"Quem Somos - Appanee","og_description":"Seja bem-vindo ao appanee.com, um portal criado com o prop\u00f3sito de informar, orientar e facilitar o acesso dos brasileiros \u00e0s informa\u00e7\u00f5es sobre benef\u00edcios governamentais nos Estados Unidos. Nosso objetivo \u00e9 oferecer conte\u00fados claros, atualizados e confi\u00e1veis sobre programas sociais, aux\u00edlios financeiros, benef\u00edcios para imigrantes, cidad\u00e3os americanos e residentes legais. Sabemos que entender os sistemas de...","og_url":"https:\/\/appanee.com\/fr\/quem-somos\/","og_site_name":"Appanee","article_modified_time":"2025-10-30T12:45:13+00:00","twitter_card":"summary_large_image","twitter_misc":{"Dur\u00e9e de lecture estim\u00e9e":"2 minutes"},"schema":{"@context":"https:\/\/schema.org","@graph":[{"@type":"WebPage","@id":"https:\/\/appanee.com\/quem-somos\/","url":"https:\/\/appanee.com\/quem-somos\/","name":"Quem Somos - Appanee","isPartOf":{"@id":"https:\/\/appanee.com\/#website"},"datePublished":"2025-06-28T18:28:18+00:00","dateModified":"2025-10-30T12:45:13+00:00","breadcrumb":{"@id":"https:\/\/appanee.com\/quem-somos\/#breadcrumb"},"inLanguage":"fr-FR","potentialAction":[{"@type":"ReadAction","target":["https:\/\/appanee.com\/quem-somos\/"]}]},{"@type":"BreadcrumbList","@id":"https:\/\/appanee.com\/quem-somos\/#breadcrumb","itemListElement":[{"@type":"ListItem","position":1,"name":"In\u00edcio","item":"https:\/\/appanee.com\/"},{"@type":"ListItem","position":2,"name":"Quem Somos"}]},{"@type":"WebSite","@id":"https:\/\/appanee.com\/#website","url":"https:\/\/appanee.com\/","name":"Appanee","description":"prestations sociales am\u00e9ricaines","publisher":{"@id":"https:\/\/appanee.com\/#organization"},"potentialAction":[{"@type":"SearchAction","target":{"@type":"EntryPoint","urlTemplate":"https:\/\/appanee.com\/?s={search_term_string}"},"query-input":{"@type":"PropertyValueSpecification","valueRequired":true,"valueName":"search_term_string"}}],"inLanguage":"fr-FR"},{"@type":"Organization","@id":"https:\/\/appanee.com\/#organization","name":"Appanee","url":"https:\/\/appanee.com\/","logo":{"@type":"ImageObject","inLanguage":"fr-FR","@id":"https:\/\/appanee.com\/#\/schema\/logo\/image\/","url":"https:\/\/appanee.com\/wp-content\/uploads\/2025\/08\/cropped-blog-appanee.png","contentUrl":"https:\/\/appanee.com\/wp-content\/uploads\/2025\/08\/cropped-blog-appanee.png","width":200,"height":80,"caption":"Appanee"},"image":{"@id":"https:\/\/appanee.com\/#\/schema\/logo\/image\/"}}]}},"_links":{"self":[{"href":"https:\/\/appanee.com\/fr\/wp-json\/wp\/v2\/pages\/156","targetHints":{"allow":["GET"]}}],"collection":[{"href":"https:\/\/appanee.com\/fr\/wp-json\/wp\/v2\/pages"}],"about":[{"href":"https:\/\/appanee.com\/fr\/wp-json\/wp\/v2\/types\/page"}],"author":[{"embeddable":true,"href":"https:\/\/appanee.com\/fr\/wp-json\/wp\/v2\/users\/2"}],"replies":[{"embeddable":true,"href":"https:\/\/appanee.com\/fr\/wp-json\/wp\/v2\/comments?post=156"}],"version-history":[{"count":2,"href":"https:\/\/appanee.com\/fr\/wp-json\/wp\/v2\/pages\/156\/revisions"}],"predecessor-version":[{"id":631,"href":"https:\/\/appanee.com\/fr\/wp-json\/wp\/v2\/pages\/156\/revisions\/631"}],"wp:attachment":[{"href":"https:\/\/appanee.com\/fr\/wp-json\/wp\/v2\/media?parent=156"}],"curies":[{"name":"wp","href":"https:\/\/api.w.org\/{rel}","templated":true}]}}