{"id":134,"date":"2025-06-28T18:26:18","date_gmt":"2025-06-28T18:26:18","guid":{"rendered":"http:\/\/162.243.41.210\/?page_id=134"},"modified":"2025-10-30T12:44:42","modified_gmt":"2025-10-30T12:44:42","slug":"politica-de-privacidade-appanee-com","status":"publish","type":"page","link":"https:\/\/appanee.com\/tr\/politica-de-privacidade-appanee-com\/","title":{"rendered":"Gizlilik Politikas\u0131"},"content":{"rendered":"<p>appanee.com&#039;da gizlilik ve \u015feffafl\u0131k \u00f6nceliklerimizdir. Bu Gizlilik Politikas\u0131, web sitemizi ziyaret eden kullan\u0131c\u0131lar\u0131n ki\u015fisel bilgilerini nas\u0131l toplad\u0131\u011f\u0131m\u0131z\u0131, kulland\u0131\u011f\u0131m\u0131z\u0131 ve korudu\u011fumuzu a\u00e7\u0131klamaktad\u0131r. Web sitemizi kullanarak, bu politikan\u0131n \u015fartlar\u0131n\u0131 kabul etmi\u015f olursunuz.<\/p>\n\n\n\n<h4 class=\"wp-block-heading\">1. Toplad\u0131\u011f\u0131m\u0131z Bilgiler<\/h4>\n\n\n\n<p>Kullan\u0131c\u0131 deneyimini iyile\u015ftirmek i\u00e7in bilgileri farkl\u0131 \u015fekillerde topluyoruz:<\/p>\n\n\n\n<ul class=\"wp-block-list\">\n<li><strong>Kullan\u0131c\u0131 taraf\u0131ndan sa\u011flanan bilgiler:<\/strong> \u0130leti\u015fim formlar\u0131na veya b\u00fclten aboneliklerine g\u00f6n\u00fcll\u00fc olarak girilen isim, e-posta ve di\u011fer bilgiler.<\/li>\n\n\n\n<li><strong>Navigasyon bilgisi:<\/strong> IP adresi, co\u011frafi konum, taray\u0131c\u0131 t\u00fcr\u00fc, ziyaret s\u00fcresi ve eri\u015filen sayfalar gibi veriler analiz ara\u00e7lar\u0131 taraf\u0131ndan otomatik olarak toplan\u0131r.<\/li>\n<\/ul>\n\n\n\n<h4 class=\"wp-block-heading\">2. Bilgilerin Kullan\u0131m\u0131<\/h4>\n\n\n\n<p>Toplanan bilgiler \u015fu ama\u00e7larla kullan\u0131l\u0131r:<\/p>\n\n\n\n<ul class=\"wp-block-list\">\n<li>Web sitesinin i\u00e7eri\u011fini ve i\u015flevselli\u011fini iyile\u015ftirmek;<\/li>\n\n\n\n<li>Kullan\u0131c\u0131lar\u0131n soru ve isteklerine yan\u0131t vermek;<\/li>\n\n\n\n<li>Kullan\u0131c\u0131n\u0131n onay\u0131 olmas\u0131 halinde bilgilendirici ve tan\u0131t\u0131m i\u00e7erikleri g\u00f6ndermek;<\/li>\n\n\n\n<li>G\u00fcvenli\u011fi sa\u011flay\u0131n ve doland\u0131r\u0131c\u0131l\u0131k faaliyetlerini \u00f6nleyin.<\/li>\n<\/ul>\n\n\n\n<h4 class=\"wp-block-heading\">3. Bilgi Payla\u015f\u0131m\u0131<\/h4>\n\n\n\n<p>A\u015fa\u011f\u0131daki durumlar haricinde ki\u015fisel bilgilerinizi \u00fc\u00e7\u00fcnc\u00fc taraflarla satm\u0131yor, kiralam\u0131yor veya payla\u015fm\u0131yoruz:<\/p>\n\n\n\n<ul class=\"wp-block-list\">\n<li>Kanun veya mahkeme karar\u0131 gere\u011fi;<\/li>\n\n\n\n<li>appanee.com&#039;un yasal haklar\u0131n\u0131 korumak i\u00e7in;<\/li>\n\n\n\n<li>Gizlilik s\u00f6zle\u015fmesi kapsam\u0131nda web sitesinin i\u015fletilmesinde yard\u0131mc\u0131 olan hizmet sa\u011flay\u0131c\u0131larla.<\/li>\n<\/ul>\n\n\n\n<h4 class=\"wp-block-heading\">4. \u00c7erezler<\/h4>\n\n\n\n<p>Gezinmeyi iyile\u015ftirmek ve ki\u015fiselle\u015ftirilmi\u015f i\u00e7erik sunmak i\u00e7in \u00e7erezler kullan\u0131yoruz. \u00c7erezlerin kullan\u0131m\u0131 a\u015fa\u011f\u0131da ayr\u0131nt\u0131l\u0131 olarak a\u00e7\u0131klanm\u0131\u015ft\u0131r: <a class=\"\" href=\"#\">\u00c7erez Politikas\u0131<\/a>Kullan\u0131c\u0131, \u00e7erezlerin kullan\u0131m\u0131n\u0131 taray\u0131c\u0131 ayarlar\u0131ndan y\u00f6netebilir.<\/p>\n\n\n\n<h4 class=\"wp-block-heading\">5. Bilgi G\u00fcvenli\u011fi<\/h4>\n\n\n\n<p>Ki\u015fisel verilerinizi yetkisiz eri\u015fime, de\u011fi\u015fikli\u011fe, if\u015faya veya imhaya kar\u015f\u0131 korumak i\u00e7in uygun teknik ve organizasyonel \u00f6nlemleri kullan\u0131yoruz.<\/p>\n\n\n\n<h4 class=\"wp-block-heading\">6. Haklar\u0131n\u0131z<\/h4>\n\n\n\n<p>\u015eu haklara sahipsiniz:<\/p>\n\n\n\n<ul class=\"wp-block-list\">\n<li>Ki\u015fisel verilerinize eri\u015fim;<\/li>\n\n\n\n<li>Verilerin d\u00fczeltilmesini veya silinmesini talep edebilirsiniz;<\/li>\n\n\n\n<li>Daha \u00f6nce verilmi\u015f olan onay\u0131 geri almak;<\/li>\n\n\n\n<li>Verilerinizin kullan\u0131m\u0131n\u0131n s\u0131n\u0131rland\u0131r\u0131lmas\u0131n\u0131 talep edin.<\/li>\n<\/ul>\n\n\n\n<h4 class=\"wp-block-heading\">7. \u00dc\u00e7\u00fcnc\u00fc Taraf Sitelerine Ba\u011flant\u0131lar<\/h4>\n\n\n\n<p>Web sitemiz ba\u015fka web sitelerine ba\u011flant\u0131lar i\u00e7erebilir. Bu web sitelerinin gizlilik uygulamalar\u0131ndan sorumlu de\u011filiz. Ziyaret etti\u011finiz her web sitesinin gizlilik politikalar\u0131n\u0131 okuman\u0131z\u0131 \u00f6neririz.<\/p>\n\n\n\n<h4 class=\"wp-block-heading\">8. Bu Politikadaki De\u011fi\u015fiklikler<\/h4>\n\n\n\n<p>Bu politikay\u0131 zaman zaman g\u00fcncelleyebiliriz. De\u011fi\u015fiklikleri, revize edilmi\u015f de\u011fi\u015fiklik tarihiyle birlikte bu sayfada yay\u0131nlayaca\u011f\u0131z. Bu politikay\u0131 d\u00fczenli olarak incelemenizi \u00f6neririz.<\/p>","protected":false},"excerpt":{"rendered":"<p>No appanee.com, privacidade e transpar\u00eancia s\u00e3o prioridades. Esta Pol\u00edtica de Privacidade explica como coletamos, usamos e protegemos as informa\u00e7\u00f5es pessoais dos usu\u00e1rios que acessam nosso site. Ao utilizar nosso site, voc\u00ea concorda com os termos desta pol\u00edtica. 1. Informa\u00e7\u00f5es que Coletamos Coletamos informa\u00e7\u00f5es de diferentes formas para melhorar a experi\u00eancia do usu\u00e1rio: 2. Uso das&#8230;<\/p>","protected":false},"author":2,"featured_media":0,"parent":0,"menu_order":0,"comment_status":"closed","ping_status":"closed","template":"","meta":{"_kad_post_transparent":"","_kad_post_title":"","_kad_post_layout":"","_kad_post_sidebar_id":"","_kad_post_content_style":"","_kad_post_vertical_padding":"","_kad_post_feature":"","_kad_post_feature_position":"","_kad_post_header":false,"_kad_post_footer":false,"footnotes":""},"class_list":["post-134","page","type-page","status-publish","hentry"],"yoast_head":"<!-- This site is optimized with the Yoast SEO plugin v26.2 - https:\/\/yoast.com\/wordpress\/plugins\/seo\/ -->\n<title>Pol\u00edtica de Privacidade - Appanee<\/title>\n<meta name=\"robots\" content=\"index, follow, max-snippet:-1, max-image-preview:large, max-video-preview:-1\" \/>\n<link rel=\"canonical\" href=\"https:\/\/appanee.com\/tr\/politica-de-privacidade-appanee-com\/\" \/>\n<meta property=\"og:locale\" content=\"tr_TR\" \/>\n<meta property=\"og:type\" content=\"article\" \/>\n<meta property=\"og:title\" content=\"Pol\u00edtica de Privacidade - Appanee\" \/>\n<meta property=\"og:description\" content=\"No appanee.com, privacidade e transpar\u00eancia s\u00e3o prioridades. Esta Pol\u00edtica de Privacidade explica como coletamos, usamos e protegemos as informa\u00e7\u00f5es pessoais dos usu\u00e1rios que acessam nosso site. Ao utilizar nosso site, voc\u00ea concorda com os termos desta pol\u00edtica. 1. Informa\u00e7\u00f5es que Coletamos Coletamos informa\u00e7\u00f5es de diferentes formas para melhorar a experi\u00eancia do usu\u00e1rio: 2. Uso das...\" \/>\n<meta property=\"og:url\" content=\"https:\/\/appanee.com\/tr\/politica-de-privacidade-appanee-com\/\" \/>\n<meta property=\"og:site_name\" content=\"Appanee\" \/>\n<meta property=\"article:modified_time\" content=\"2025-10-30T12:44:42+00:00\" \/>\n<meta name=\"twitter:card\" content=\"summary_large_image\" \/>\n<meta name=\"twitter:label1\" content=\"Tahmini okuma s\u00fcresi\" \/>\n\t<meta name=\"twitter:data1\" content=\"2 dakika\" \/>\n<script type=\"application\/ld+json\" class=\"yoast-schema-graph\">{\"@context\":\"https:\/\/schema.org\",\"@graph\":[{\"@type\":\"WebPage\",\"@id\":\"https:\/\/appanee.com\/politica-de-privacidade-appanee-com\/\",\"url\":\"https:\/\/appanee.com\/politica-de-privacidade-appanee-com\/\",\"name\":\"Pol\u00edtica de Privacidade - Appanee\",\"isPartOf\":{\"@id\":\"https:\/\/appanee.com\/#website\"},\"datePublished\":\"2025-06-28T18:26:18+00:00\",\"dateModified\":\"2025-10-30T12:44:42+00:00\",\"breadcrumb\":{\"@id\":\"https:\/\/appanee.com\/politica-de-privacidade-appanee-com\/#breadcrumb\"},\"inLanguage\":\"tr\",\"potentialAction\":[{\"@type\":\"ReadAction\",\"target\":[\"https:\/\/appanee.com\/politica-de-privacidade-appanee-com\/\"]}]},{\"@type\":\"BreadcrumbList\",\"@id\":\"https:\/\/appanee.com\/politica-de-privacidade-appanee-com\/#breadcrumb\",\"itemListElement\":[{\"@type\":\"ListItem\",\"position\":1,\"name\":\"In\u00edcio\",\"item\":\"https:\/\/appanee.com\/\"},{\"@type\":\"ListItem\",\"position\":2,\"name\":\"Pol\u00edtica de Privacidade\"}]},{\"@type\":\"WebSite\",\"@id\":\"https:\/\/appanee.com\/#website\",\"url\":\"https:\/\/appanee.com\/\",\"name\":\"Appanee\",\"description\":\"Benef\u00edcios Sociais Americanos\",\"publisher\":{\"@id\":\"https:\/\/appanee.com\/#organization\"},\"potentialAction\":[{\"@type\":\"SearchAction\",\"target\":{\"@type\":\"EntryPoint\",\"urlTemplate\":\"https:\/\/appanee.com\/?s={search_term_string}\"},\"query-input\":{\"@type\":\"PropertyValueSpecification\",\"valueRequired\":true,\"valueName\":\"search_term_string\"}}],\"inLanguage\":\"tr\"},{\"@type\":\"Organization\",\"@id\":\"https:\/\/appanee.com\/#organization\",\"name\":\"Appanee\",\"url\":\"https:\/\/appanee.com\/\",\"logo\":{\"@type\":\"ImageObject\",\"inLanguage\":\"tr\",\"@id\":\"https:\/\/appanee.com\/#\/schema\/logo\/image\/\",\"url\":\"https:\/\/appanee.com\/wp-content\/uploads\/2025\/08\/cropped-blog-appanee.png\",\"contentUrl\":\"https:\/\/appanee.com\/wp-content\/uploads\/2025\/08\/cropped-blog-appanee.png\",\"width\":200,\"height\":80,\"caption\":\"Appanee\"},\"image\":{\"@id\":\"https:\/\/appanee.com\/#\/schema\/logo\/image\/\"}}]}<\/script>\n<!-- \/ Yoast SEO plugin. -->","yoast_head_json":{"title":"Pol\u00edtica de Privacidade - Appanee","robots":{"index":"index","follow":"follow","max-snippet":"max-snippet:-1","max-image-preview":"max-image-preview:large","max-video-preview":"max-video-preview:-1"},"canonical":"https:\/\/appanee.com\/tr\/politica-de-privacidade-appanee-com\/","og_locale":"tr_TR","og_type":"article","og_title":"Pol\u00edtica de Privacidade - Appanee","og_description":"No appanee.com, privacidade e transpar\u00eancia s\u00e3o prioridades. Esta Pol\u00edtica de Privacidade explica como coletamos, usamos e protegemos as informa\u00e7\u00f5es pessoais dos usu\u00e1rios que acessam nosso site. Ao utilizar nosso site, voc\u00ea concorda com os termos desta pol\u00edtica. 1. Informa\u00e7\u00f5es que Coletamos Coletamos informa\u00e7\u00f5es de diferentes formas para melhorar a experi\u00eancia do usu\u00e1rio: 2. Uso das...","og_url":"https:\/\/appanee.com\/tr\/politica-de-privacidade-appanee-com\/","og_site_name":"Appanee","article_modified_time":"2025-10-30T12:44:42+00:00","twitter_card":"summary_large_image","twitter_misc":{"Tahmini okuma s\u00fcresi":"2 dakika"},"schema":{"@context":"https:\/\/schema.org","@graph":[{"@type":"WebPage","@id":"https:\/\/appanee.com\/politica-de-privacidade-appanee-com\/","url":"https:\/\/appanee.com\/politica-de-privacidade-appanee-com\/","name":"Pol\u00edtica de Privacidade - Appanee","isPartOf":{"@id":"https:\/\/appanee.com\/#website"},"datePublished":"2025-06-28T18:26:18+00:00","dateModified":"2025-10-30T12:44:42+00:00","breadcrumb":{"@id":"https:\/\/appanee.com\/politica-de-privacidade-appanee-com\/#breadcrumb"},"inLanguage":"tr","potentialAction":[{"@type":"ReadAction","target":["https:\/\/appanee.com\/politica-de-privacidade-appanee-com\/"]}]},{"@type":"BreadcrumbList","@id":"https:\/\/appanee.com\/politica-de-privacidade-appanee-com\/#breadcrumb","itemListElement":[{"@type":"ListItem","position":1,"name":"In\u00edcio","item":"https:\/\/appanee.com\/"},{"@type":"ListItem","position":2,"name":"Pol\u00edtica de Privacidade"}]},{"@type":"WebSite","@id":"https:\/\/appanee.com\/#website","url":"https:\/\/appanee.com\/","name":"Appanee","description":"Amerikan Sosyal Yard\u0131mlar\u0131","publisher":{"@id":"https:\/\/appanee.com\/#organization"},"potentialAction":[{"@type":"SearchAction","target":{"@type":"EntryPoint","urlTemplate":"https:\/\/appanee.com\/?s={search_term_string}"},"query-input":{"@type":"PropertyValueSpecification","valueRequired":true,"valueName":"search_term_string"}}],"inLanguage":"tr"},{"@type":"Organization","@id":"https:\/\/appanee.com\/#organization","name":"Appanee","url":"https:\/\/appanee.com\/","logo":{"@type":"ImageObject","inLanguage":"tr","@id":"https:\/\/appanee.com\/#\/schema\/logo\/image\/","url":"https:\/\/appanee.com\/wp-content\/uploads\/2025\/08\/cropped-blog-appanee.png","contentUrl":"https:\/\/appanee.com\/wp-content\/uploads\/2025\/08\/cropped-blog-appanee.png","width":200,"height":80,"caption":"Appanee"},"image":{"@id":"https:\/\/appanee.com\/#\/schema\/logo\/image\/"}}]}},"_links":{"self":[{"href":"https:\/\/appanee.com\/tr\/wp-json\/wp\/v2\/pages\/134","targetHints":{"allow":["GET"]}}],"collection":[{"href":"https:\/\/appanee.com\/tr\/wp-json\/wp\/v2\/pages"}],"about":[{"href":"https:\/\/appanee.com\/tr\/wp-json\/wp\/v2\/types\/page"}],"author":[{"embeddable":true,"href":"https:\/\/appanee.com\/tr\/wp-json\/wp\/v2\/users\/2"}],"replies":[{"embeddable":true,"href":"https:\/\/appanee.com\/tr\/wp-json\/wp\/v2\/comments?post=134"}],"version-history":[{"count":3,"href":"https:\/\/appanee.com\/tr\/wp-json\/wp\/v2\/pages\/134\/revisions"}],"predecessor-version":[{"id":630,"href":"https:\/\/appanee.com\/tr\/wp-json\/wp\/v2\/pages\/134\/revisions\/630"}],"wp:attachment":[{"href":"https:\/\/appanee.com\/tr\/wp-json\/wp\/v2\/media?parent=134"}],"curies":[{"name":"wp","href":"https:\/\/api.w.org\/{rel}","templated":true}]}}