{"id":141,"date":"2025-06-28T18:26:50","date_gmt":"2025-06-28T18:26:50","guid":{"rendered":"http:\/\/162.243.41.210\/?page_id=141"},"modified":"2025-08-07T14:24:26","modified_gmt":"2025-08-07T14:24:26","slug":"politica-de-cookies","status":"publish","type":"page","link":"https:\/\/appanee.com\/tr\/politica-de-cookies\/","title":{"rendered":"\u00c7erez Politikas\u0131"},"content":{"rendered":"<p>Bu \u00c7erez Politikas\u0131, \u00e7erezlerin ne oldu\u011funu, appanee.com&#039;da bunlar\u0131 nas\u0131l kulland\u0131\u011f\u0131m\u0131z\u0131 ve bunlar\u0131 nas\u0131l y\u00f6netebilece\u011finizi a\u00e7\u0131klamaktad\u0131r. Web sitemizde gezinmeye devam ederek, \u00e7erezlerin burada a\u00e7\u0131kland\u0131\u011f\u0131 \u015fekilde kullan\u0131lmas\u0131n\u0131 kabul etmi\u015f olursunuz.<\/p>\n\n\n\n<h4 class=\"wp-block-heading\">1. \u00c7erezler Nedir?<\/h4>\n\n\n\n<p>\u00c7erezler, bir web sitesini ziyaret etti\u011finizde cihaz\u0131n\u0131za (bilgisayar, tablet, ak\u0131ll\u0131 telefon) kaydetti\u011fi k\u00fc\u00e7\u00fck metin dosyalar\u0131d\u0131r. Taray\u0131c\u0131n\u0131z\u0131 tan\u0131mak, tercihlerinizi kaydetmek ve ki\u015fiselle\u015ftirilmi\u015f bir tarama deneyimi sa\u011flamak i\u00e7in kullan\u0131l\u0131rlar.<\/p>\n\n\n\n<h4 class=\"wp-block-heading\">2. \u00c7erezleri Nas\u0131l Kullan\u0131yoruz?<\/h4>\n\n\n\n<p>\u00c7erezleri \u00e7e\u015fitli nedenlerle kullan\u0131yoruz, bunlar aras\u0131nda \u015funlar yer al\u0131r:<\/p>\n\n\n\n<ul class=\"wp-block-list\">\n<li><strong>Temel \u00e7erezler:<\/strong> web sitesinin i\u015flevselli\u011fi i\u00e7in gerekli olan (\u00f6rne\u011fin oturum a\u00e7ma, g\u00fcvenli tarama);<\/li>\n\n\n\n<li><strong>Performans \u00e7erezleri:<\/strong> ziyaret\u00e7ilerin web sitesini nas\u0131l kulland\u0131klar\u0131na ili\u015fkin anonim bilgi toplamak;<\/li>\n\n\n\n<li><strong>\u0130\u015flevsellik \u00e7erezleri:<\/strong> dil ve konum gibi ma\u011faza tercihleri;<\/li>\n\n\n\n<li><strong>Reklam \u00e7erezleri:<\/strong> Profilinize daha uygun reklamlar sunmak ve kampanyalar\u0131n etkinli\u011fini \u00f6l\u00e7mek i\u00e7in kullan\u0131l\u0131r.<\/li>\n<\/ul>\n\n\n\n<h4 class=\"wp-block-heading\">3. \u00dc\u00e7\u00fcnc\u00fc Taraf \u00c7erezleri<\/h4>\n\n\n\n<p>Ayr\u0131ca, a\u015fa\u011f\u0131dakiler gibi g\u00fcvenilir \u00fc\u00e7\u00fcnc\u00fc taraflar\u0131n \u00e7erezlerini de kullan\u0131yoruz:<\/p>\n\n\n\n<ul class=\"wp-block-list\">\n<li><strong>Google Analytics:<\/strong> web sitesindeki trafi\u011fi ve kullan\u0131c\u0131 davran\u0131\u015flar\u0131n\u0131 analiz etmek;<\/li>\n\n\n\n<li><strong>Reklam Hizmetleri:<\/strong> Google AdSense gibi, tarama al\u0131\u015fkanl\u0131klar\u0131n\u0131za g\u00f6re ki\u015fiselle\u015ftirilmi\u015f reklamlar g\u00f6stermek i\u00e7in.<\/li>\n<\/ul>\n\n\n\n<p>Bu \u00fc\u00e7\u00fcnc\u00fc taraflar, IP adresiniz de dahil olmak \u00fczere do\u011frudan taray\u0131c\u0131n\u0131zdan bilgi toplayabilir.<\/p>\n\n\n\n<h4 class=\"wp-block-heading\">4. \u00c7erezler Nas\u0131l Y\u00f6netilir?<\/h4>\n\n\n\n<p>Taray\u0131c\u0131n\u0131z\u0131 \u00e7erez kullan\u0131m\u0131n\u0131 engelleyecek veya bu konuda sizi uyaracak \u015fekilde ayarlayabilirsiniz. Ancak bu, web sitesinin baz\u0131 b\u00f6l\u00fcmlerinin \u00e7al\u0131\u015fma \u015feklini etkileyebilir. A\u015fa\u011f\u0131da en pop\u00fcler taray\u0131c\u0131lar i\u00e7in talimatlara ba\u011flant\u0131lar bulunmaktad\u0131r:<\/p>\n\n\n\n<ul class=\"wp-block-list\">\n<li><a>Google Chrome<\/a><\/li>\n\n\n\n<li>Mozilla Firefox<\/li>\n\n\n\n<li><a class=\"\" href=\"https:\/\/support.microsoft.com\/pt-br\/microsoft-edge\">Microsoft Edge<\/a><\/li>\n\n\n\n<li>Safari<\/li>\n<\/ul>\n\n\n\n<h4 class=\"wp-block-heading\">5. Bu Politikadaki De\u011fi\u015fiklikler<\/h4>\n\n\n\n<p>Bu politika periyodik olarak g\u00fcncellenebilir. Herhangi bir de\u011fi\u015fiklik, g\u00fcncellenmi\u015f bir de\u011fi\u015fiklik tarihiyle birlikte bu sayfada yay\u0131nlanacakt\u0131r.<\/p>","protected":false},"excerpt":{"rendered":"<p>Bu \u00c7erez Politikas\u0131, \u00e7erezlerin ne oldu\u011funu, appanee.com&#039;da nas\u0131l kulland\u0131\u011f\u0131m\u0131z\u0131 ve bunlar\u0131 nas\u0131l y\u00f6netebilece\u011finizi a\u00e7\u0131klamaktad\u0131r. Web sitemizde gezinmeye devam ederek, \u00e7erezlerin burada a\u00e7\u0131kland\u0131\u011f\u0131 \u015fekilde kullan\u0131lmas\u0131na izin vermi\u015f olursunuz. 1. \u00c7erezler Nelerdir? \u00c7erezler, bir web sitesinin cihaz\u0131n\u0131za (bilgisayar,\u2026) kaydetti\u011fi k\u00fc\u00e7\u00fck metin dosyalar\u0131d\u0131r.<\/p>","protected":false},"author":2,"featured_media":0,"parent":0,"menu_order":0,"comment_status":"closed","ping_status":"closed","template":"","meta":{"_kad_post_transparent":"","_kad_post_title":"","_kad_post_layout":"","_kad_post_sidebar_id":"","_kad_post_content_style":"","_kad_post_vertical_padding":"","_kad_post_feature":"","_kad_post_feature_position":"","_kad_post_header":false,"_kad_post_footer":false,"footnotes":""},"class_list":["post-141","page","type-page","status-publish","hentry"],"yoast_head":"<!-- This site is optimized with the Yoast SEO plugin v26.2 - https:\/\/yoast.com\/wordpress\/plugins\/seo\/ -->\n<title>Pol\u00edtica de Cookies - Appanee<\/title>\n<meta name=\"robots\" content=\"index, follow, max-snippet:-1, max-image-preview:large, max-video-preview:-1\" \/>\n<link rel=\"canonical\" href=\"https:\/\/appanee.com\/tr\/politica-de-cookies\/\" \/>\n<meta property=\"og:locale\" content=\"tr_TR\" \/>\n<meta property=\"og:type\" content=\"article\" \/>\n<meta property=\"og:title\" content=\"Pol\u00edtica de Cookies - Appanee\" \/>\n<meta property=\"og:description\" content=\"Esta Pol\u00edtica de Cookies explica o que s\u00e3o cookies, como os utilizamos no appanee.com e como voc\u00ea pode gerenci\u00e1-los. Ao continuar a navegar em nosso site, voc\u00ea concorda com o uso de cookies conforme descrito aqui. 1. O que s\u00e3o Cookies? Cookies s\u00e3o pequenos arquivos de texto que um site salva no seu dispositivo (computador,...\" \/>\n<meta property=\"og:url\" content=\"https:\/\/appanee.com\/tr\/politica-de-cookies\/\" \/>\n<meta property=\"og:site_name\" content=\"Appanee\" \/>\n<meta property=\"article:modified_time\" content=\"2025-08-07T14:24:26+00:00\" \/>\n<meta name=\"twitter:card\" content=\"summary_large_image\" \/>\n<meta name=\"twitter:label1\" content=\"Tahmini okuma s\u00fcresi\" \/>\n\t<meta name=\"twitter:data1\" content=\"2 dakika\" \/>\n<script type=\"application\/ld+json\" class=\"yoast-schema-graph\">{\"@context\":\"https:\/\/schema.org\",\"@graph\":[{\"@type\":\"WebPage\",\"@id\":\"https:\/\/appanee.com\/politica-de-cookies\/\",\"url\":\"https:\/\/appanee.com\/politica-de-cookies\/\",\"name\":\"Pol\u00edtica de Cookies - Appanee\",\"isPartOf\":{\"@id\":\"https:\/\/appanee.com\/#website\"},\"datePublished\":\"2025-06-28T18:26:50+00:00\",\"dateModified\":\"2025-08-07T14:24:26+00:00\",\"breadcrumb\":{\"@id\":\"https:\/\/appanee.com\/politica-de-cookies\/#breadcrumb\"},\"inLanguage\":\"tr\",\"potentialAction\":[{\"@type\":\"ReadAction\",\"target\":[\"https:\/\/appanee.com\/politica-de-cookies\/\"]}]},{\"@type\":\"BreadcrumbList\",\"@id\":\"https:\/\/appanee.com\/politica-de-cookies\/#breadcrumb\",\"itemListElement\":[{\"@type\":\"ListItem\",\"position\":1,\"name\":\"In\u00edcio\",\"item\":\"https:\/\/appanee.com\/\"},{\"@type\":\"ListItem\",\"position\":2,\"name\":\"Pol\u00edtica de Cookies\"}]},{\"@type\":\"WebSite\",\"@id\":\"https:\/\/appanee.com\/#website\",\"url\":\"https:\/\/appanee.com\/\",\"name\":\"Appanee\",\"description\":\"Benef\u00edcios Sociais Americanos\",\"publisher\":{\"@id\":\"https:\/\/appanee.com\/#organization\"},\"potentialAction\":[{\"@type\":\"SearchAction\",\"target\":{\"@type\":\"EntryPoint\",\"urlTemplate\":\"https:\/\/appanee.com\/?s={search_term_string}\"},\"query-input\":{\"@type\":\"PropertyValueSpecification\",\"valueRequired\":true,\"valueName\":\"search_term_string\"}}],\"inLanguage\":\"tr\"},{\"@type\":\"Organization\",\"@id\":\"https:\/\/appanee.com\/#organization\",\"name\":\"Appanee\",\"url\":\"https:\/\/appanee.com\/\",\"logo\":{\"@type\":\"ImageObject\",\"inLanguage\":\"tr\",\"@id\":\"https:\/\/appanee.com\/#\/schema\/logo\/image\/\",\"url\":\"https:\/\/appanee.com\/wp-content\/uploads\/2025\/08\/cropped-blog-appanee.png\",\"contentUrl\":\"https:\/\/appanee.com\/wp-content\/uploads\/2025\/08\/cropped-blog-appanee.png\",\"width\":200,\"height\":80,\"caption\":\"Appanee\"},\"image\":{\"@id\":\"https:\/\/appanee.com\/#\/schema\/logo\/image\/\"}}]}<\/script>\n<!-- \/ Yoast SEO plugin. -->","yoast_head_json":{"title":"\u00c7erez Politikas\u0131 - Appanee","robots":{"index":"index","follow":"follow","max-snippet":"max-snippet:-1","max-image-preview":"max-image-preview:large","max-video-preview":"max-video-preview:-1"},"canonical":"https:\/\/appanee.com\/tr\/politica-de-cookies\/","og_locale":"tr_TR","og_type":"article","og_title":"Pol\u00edtica de Cookies - Appanee","og_description":"Esta Pol\u00edtica de Cookies explica o que s\u00e3o cookies, como os utilizamos no appanee.com e como voc\u00ea pode gerenci\u00e1-los. Ao continuar a navegar em nosso site, voc\u00ea concorda com o uso de cookies conforme descrito aqui. 1. O que s\u00e3o Cookies? Cookies s\u00e3o pequenos arquivos de texto que um site salva no seu dispositivo (computador,...","og_url":"https:\/\/appanee.com\/tr\/politica-de-cookies\/","og_site_name":"Appanee","article_modified_time":"2025-08-07T14:24:26+00:00","twitter_card":"summary_large_image","twitter_misc":{"Tahmini okuma s\u00fcresi":"2 dakika"},"schema":{"@context":"https:\/\/schema.org","@graph":[{"@type":"WebPage","@id":"https:\/\/appanee.com\/politica-de-cookies\/","url":"https:\/\/appanee.com\/politica-de-cookies\/","name":"\u00c7erez Politikas\u0131 - Appanee","isPartOf":{"@id":"https:\/\/appanee.com\/#website"},"datePublished":"2025-06-28T18:26:50+00:00","dateModified":"2025-08-07T14:24:26+00:00","breadcrumb":{"@id":"https:\/\/appanee.com\/politica-de-cookies\/#breadcrumb"},"inLanguage":"tr","potentialAction":[{"@type":"ReadAction","target":["https:\/\/appanee.com\/politica-de-cookies\/"]}]},{"@type":"BreadcrumbList","@id":"https:\/\/appanee.com\/politica-de-cookies\/#breadcrumb","itemListElement":[{"@type":"ListItem","position":1,"name":"In\u00edcio","item":"https:\/\/appanee.com\/"},{"@type":"ListItem","position":2,"name":"Pol\u00edtica de Cookies"}]},{"@type":"WebSite","@id":"https:\/\/appanee.com\/#website","url":"https:\/\/appanee.com\/","name":"Appanee","description":"Amerikan Sosyal Yard\u0131mlar\u0131","publisher":{"@id":"https:\/\/appanee.com\/#organization"},"potentialAction":[{"@type":"SearchAction","target":{"@type":"EntryPoint","urlTemplate":"https:\/\/appanee.com\/?s={search_term_string}"},"query-input":{"@type":"PropertyValueSpecification","valueRequired":true,"valueName":"search_term_string"}}],"inLanguage":"tr"},{"@type":"Organization","@id":"https:\/\/appanee.com\/#organization","name":"Appanee","url":"https:\/\/appanee.com\/","logo":{"@type":"ImageObject","inLanguage":"tr","@id":"https:\/\/appanee.com\/#\/schema\/logo\/image\/","url":"https:\/\/appanee.com\/wp-content\/uploads\/2025\/08\/cropped-blog-appanee.png","contentUrl":"https:\/\/appanee.com\/wp-content\/uploads\/2025\/08\/cropped-blog-appanee.png","width":200,"height":80,"caption":"Appanee"},"image":{"@id":"https:\/\/appanee.com\/#\/schema\/logo\/image\/"}}]}},"_links":{"self":[{"href":"https:\/\/appanee.com\/tr\/wp-json\/wp\/v2\/pages\/141","targetHints":{"allow":["GET"]}}],"collection":[{"href":"https:\/\/appanee.com\/tr\/wp-json\/wp\/v2\/pages"}],"about":[{"href":"https:\/\/appanee.com\/tr\/wp-json\/wp\/v2\/types\/page"}],"author":[{"embeddable":true,"href":"https:\/\/appanee.com\/tr\/wp-json\/wp\/v2\/users\/2"}],"replies":[{"embeddable":true,"href":"https:\/\/appanee.com\/tr\/wp-json\/wp\/v2\/comments?post=141"}],"version-history":[{"count":2,"href":"https:\/\/appanee.com\/tr\/wp-json\/wp\/v2\/pages\/141\/revisions"}],"predecessor-version":[{"id":527,"href":"https:\/\/appanee.com\/tr\/wp-json\/wp\/v2\/pages\/141\/revisions\/527"}],"wp:attachment":[{"href":"https:\/\/appanee.com\/tr\/wp-json\/wp\/v2\/media?parent=141"}],"curies":[{"name":"wp","href":"https:\/\/api.w.org\/{rel}","templated":true}]}}