{"id":156,"date":"2025-06-28T18:28:18","date_gmt":"2025-06-28T18:28:18","guid":{"rendered":"http:\/\/162.243.41.210\/?page_id=156"},"modified":"2025-10-30T12:45:13","modified_gmt":"2025-10-30T12:45:13","slug":"quem-somos","status":"publish","type":"page","link":"https:\/\/appanee.com\/tr\/quem-somos\/","title":{"rendered":"Biz Kimiz"},"content":{"rendered":"<p>Ho\u015f geldiniz <strong>appanee.com<\/strong>Brezilyal\u0131lar\u0131n bilgiye eri\u015fimini bilgilendirmek, y\u00f6nlendirmek ve kolayla\u015ft\u0131rmak amac\u0131yla olu\u015fturulmu\u015f bir portald\u0131r. <strong>Amerika Birle\u015fik Devletleri&#039;ndeki devlet yard\u0131mlar\u0131<\/strong>.<\/p>\n\n\n\n<p>Amac\u0131m\u0131z, g\u00f6\u00e7menler, ABD vatanda\u015flar\u0131 ve yasal ikamet edenler i\u00e7in sosyal programlar, mali yard\u0131mlar ve sosyal yard\u0131mlar hakk\u0131nda net, g\u00fcncel ve g\u00fcvenilir i\u00e7erik sunmakt\u0131r. ABD&#039;deki devlet yard\u0131m sistemlerini anlaman\u0131n, \u00f6zellikle \u00fclkeye yeni gelenler veya dil engelleriyle kar\u015f\u0131la\u015fanlar i\u00e7in karma\u015f\u0131k olabilece\u011finin fark\u0131nday\u0131z. Bu nedenle i\u00e7eriklerimiz Portekizce olarak 100%&#039;dir.<\/p>\n\n\n\n<p><strong>Appanee.com&#039;u neden olu\u015fturduk?<\/strong><\/p>\n\n\n\n<p>Herkesin daha g\u00fcvenli ve bilin\u00e7li kararlar alabilmesi i\u00e7in kaliteli bilgilere eri\u015febilmesi gerekti\u011fine inan\u0131yoruz. Bu web sitesini, Amerika Birle\u015fik Devletleri&#039;ndeki hayat\u0131n\u0131z\u0131 iyile\u015ftirebilecek kaynaklarla aran\u0131zdaki bo\u015flu\u011fu kapatmak i\u00e7in olu\u015fturduk. \u0130ster yeni bir g\u00f6\u00e7men olun, ister y\u0131llard\u0131r \u00fclkede ya\u015fayan biri olun, burada faydal\u0131, d\u00fczenli ve anla\u015f\u0131lmas\u0131 kolay bilgiler bulacaks\u0131n\u0131z.<\/p>\n\n\n\n<p><strong>Taahh\u00fcd\u00fcm\u00fcz:<\/strong><\/p>\n\n\n\n<ul class=\"wp-block-list\">\n<li>Resmi ve g\u00fcvenilir kaynaklara dayal\u0131 i\u00e7erik yay\u0131nlay\u0131n;<\/li>\n\n\n\n<li>Fayda kurallar\u0131 de\u011fi\u015ftik\u00e7e bilgileri s\u00fcrekli g\u00fcncelleyin;<\/li>\n\n\n\n<li>Okuyucular\u0131m\u0131z\u0131 dinleyin ve sorular\u0131n\u0131 sorumlu ve sayg\u0131l\u0131 bir \u015fekilde yan\u0131tlay\u0131n.<\/li>\n<\/ul>\n\n\n\n<p><strong>appanee.com&#039;u ziyaret etti\u011finiz i\u00e7in te\u015fekk\u00fcr ederiz. Amerika Birle\u015fik Devletleri&#039;nde mevcut olan avantajlar\u0131 anlaman\u0131za ve bunlardan yararlanman\u0131za yard\u0131mc\u0131 olmak i\u00e7in buraday\u0131z.<\/strong><\/p>","protected":false},"excerpt":{"rendered":"<p>Brezilyal\u0131lar\u0131n Amerika Birle\u015fik Devletleri&#039;ndeki devlet yard\u0131mlar\u0131 hakk\u0131nda bilgi edinmelerini, y\u00f6nlendirmelerini ve bu bilgilere eri\u015fimlerini kolayla\u015ft\u0131rmak amac\u0131yla olu\u015fturulmu\u015f bir portal olan appanee.com&#039;a ho\u015f geldiniz. Amac\u0131m\u0131z, g\u00f6\u00e7menler, ABD vatanda\u015flar\u0131 ve yasal ikamet edenler i\u00e7in sosyal programlar, mali yard\u0131mlar ve sosyal yard\u0131mlar hakk\u0131nda net, g\u00fcncel ve g\u00fcvenilir i\u00e7erik sunmakt\u0131r. Sistemlerini anlaman\u0131n ne kadar \u00f6nemli oldu\u011funu biliyoruz...<\/p>","protected":false},"author":2,"featured_media":0,"parent":0,"menu_order":0,"comment_status":"closed","ping_status":"closed","template":"","meta":{"_kad_post_transparent":"","_kad_post_title":"","_kad_post_layout":"","_kad_post_sidebar_id":"","_kad_post_content_style":"","_kad_post_vertical_padding":"","_kad_post_feature":"","_kad_post_feature_position":"","_kad_post_header":false,"_kad_post_footer":false,"footnotes":""},"class_list":["post-156","page","type-page","status-publish","hentry"],"yoast_head":"<!-- This site is optimized with the Yoast SEO plugin v26.2 - https:\/\/yoast.com\/wordpress\/plugins\/seo\/ -->\n<title>Quem Somos - Appanee<\/title>\n<meta name=\"robots\" content=\"index, follow, max-snippet:-1, max-image-preview:large, max-video-preview:-1\" \/>\n<link rel=\"canonical\" href=\"https:\/\/appanee.com\/tr\/quem-somos\/\" \/>\n<meta property=\"og:locale\" content=\"tr_TR\" \/>\n<meta property=\"og:type\" content=\"article\" \/>\n<meta property=\"og:title\" content=\"Quem Somos - Appanee\" \/>\n<meta property=\"og:description\" content=\"Seja bem-vindo ao appanee.com, um portal criado com o prop\u00f3sito de informar, orientar e facilitar o acesso dos brasileiros \u00e0s informa\u00e7\u00f5es sobre benef\u00edcios governamentais nos Estados Unidos. Nosso objetivo \u00e9 oferecer conte\u00fados claros, atualizados e confi\u00e1veis sobre programas sociais, aux\u00edlios financeiros, benef\u00edcios para imigrantes, cidad\u00e3os americanos e residentes legais. Sabemos que entender os sistemas de...\" \/>\n<meta property=\"og:url\" content=\"https:\/\/appanee.com\/tr\/quem-somos\/\" \/>\n<meta property=\"og:site_name\" content=\"Appanee\" \/>\n<meta property=\"article:modified_time\" content=\"2025-10-30T12:45:13+00:00\" \/>\n<meta name=\"twitter:card\" content=\"summary_large_image\" \/>\n<meta name=\"twitter:label1\" content=\"Tahmini okuma s\u00fcresi\" \/>\n\t<meta name=\"twitter:data1\" content=\"2 dakika\" \/>\n<script type=\"application\/ld+json\" class=\"yoast-schema-graph\">{\"@context\":\"https:\/\/schema.org\",\"@graph\":[{\"@type\":\"WebPage\",\"@id\":\"https:\/\/appanee.com\/quem-somos\/\",\"url\":\"https:\/\/appanee.com\/quem-somos\/\",\"name\":\"Quem Somos - Appanee\",\"isPartOf\":{\"@id\":\"https:\/\/appanee.com\/#website\"},\"datePublished\":\"2025-06-28T18:28:18+00:00\",\"dateModified\":\"2025-10-30T12:45:13+00:00\",\"breadcrumb\":{\"@id\":\"https:\/\/appanee.com\/quem-somos\/#breadcrumb\"},\"inLanguage\":\"tr\",\"potentialAction\":[{\"@type\":\"ReadAction\",\"target\":[\"https:\/\/appanee.com\/quem-somos\/\"]}]},{\"@type\":\"BreadcrumbList\",\"@id\":\"https:\/\/appanee.com\/quem-somos\/#breadcrumb\",\"itemListElement\":[{\"@type\":\"ListItem\",\"position\":1,\"name\":\"In\u00edcio\",\"item\":\"https:\/\/appanee.com\/\"},{\"@type\":\"ListItem\",\"position\":2,\"name\":\"Quem Somos\"}]},{\"@type\":\"WebSite\",\"@id\":\"https:\/\/appanee.com\/#website\",\"url\":\"https:\/\/appanee.com\/\",\"name\":\"Appanee\",\"description\":\"Benef\u00edcios Sociais Americanos\",\"publisher\":{\"@id\":\"https:\/\/appanee.com\/#organization\"},\"potentialAction\":[{\"@type\":\"SearchAction\",\"target\":{\"@type\":\"EntryPoint\",\"urlTemplate\":\"https:\/\/appanee.com\/?s={search_term_string}\"},\"query-input\":{\"@type\":\"PropertyValueSpecification\",\"valueRequired\":true,\"valueName\":\"search_term_string\"}}],\"inLanguage\":\"tr\"},{\"@type\":\"Organization\",\"@id\":\"https:\/\/appanee.com\/#organization\",\"name\":\"Appanee\",\"url\":\"https:\/\/appanee.com\/\",\"logo\":{\"@type\":\"ImageObject\",\"inLanguage\":\"tr\",\"@id\":\"https:\/\/appanee.com\/#\/schema\/logo\/image\/\",\"url\":\"https:\/\/appanee.com\/wp-content\/uploads\/2025\/08\/cropped-blog-appanee.png\",\"contentUrl\":\"https:\/\/appanee.com\/wp-content\/uploads\/2025\/08\/cropped-blog-appanee.png\",\"width\":200,\"height\":80,\"caption\":\"Appanee\"},\"image\":{\"@id\":\"https:\/\/appanee.com\/#\/schema\/logo\/image\/\"}}]}<\/script>\n<!-- \/ Yoast SEO plugin. -->","yoast_head_json":{"title":"Hakk\u0131m\u0131zda - Appanee","robots":{"index":"index","follow":"follow","max-snippet":"max-snippet:-1","max-image-preview":"max-image-preview:large","max-video-preview":"max-video-preview:-1"},"canonical":"https:\/\/appanee.com\/tr\/quem-somos\/","og_locale":"tr_TR","og_type":"article","og_title":"Quem Somos - Appanee","og_description":"Seja bem-vindo ao appanee.com, um portal criado com o prop\u00f3sito de informar, orientar e facilitar o acesso dos brasileiros \u00e0s informa\u00e7\u00f5es sobre benef\u00edcios governamentais nos Estados Unidos. Nosso objetivo \u00e9 oferecer conte\u00fados claros, atualizados e confi\u00e1veis sobre programas sociais, aux\u00edlios financeiros, benef\u00edcios para imigrantes, cidad\u00e3os americanos e residentes legais. Sabemos que entender os sistemas de...","og_url":"https:\/\/appanee.com\/tr\/quem-somos\/","og_site_name":"Appanee","article_modified_time":"2025-10-30T12:45:13+00:00","twitter_card":"summary_large_image","twitter_misc":{"Tahmini okuma s\u00fcresi":"2 dakika"},"schema":{"@context":"https:\/\/schema.org","@graph":[{"@type":"WebPage","@id":"https:\/\/appanee.com\/quem-somos\/","url":"https:\/\/appanee.com\/quem-somos\/","name":"Hakk\u0131m\u0131zda - Appanee","isPartOf":{"@id":"https:\/\/appanee.com\/#website"},"datePublished":"2025-06-28T18:28:18+00:00","dateModified":"2025-10-30T12:45:13+00:00","breadcrumb":{"@id":"https:\/\/appanee.com\/quem-somos\/#breadcrumb"},"inLanguage":"tr","potentialAction":[{"@type":"ReadAction","target":["https:\/\/appanee.com\/quem-somos\/"]}]},{"@type":"BreadcrumbList","@id":"https:\/\/appanee.com\/quem-somos\/#breadcrumb","itemListElement":[{"@type":"ListItem","position":1,"name":"In\u00edcio","item":"https:\/\/appanee.com\/"},{"@type":"ListItem","position":2,"name":"Quem Somos"}]},{"@type":"WebSite","@id":"https:\/\/appanee.com\/#website","url":"https:\/\/appanee.com\/","name":"Appanee","description":"Amerikan Sosyal Yard\u0131mlar\u0131","publisher":{"@id":"https:\/\/appanee.com\/#organization"},"potentialAction":[{"@type":"SearchAction","target":{"@type":"EntryPoint","urlTemplate":"https:\/\/appanee.com\/?s={search_term_string}"},"query-input":{"@type":"PropertyValueSpecification","valueRequired":true,"valueName":"search_term_string"}}],"inLanguage":"tr"},{"@type":"Organization","@id":"https:\/\/appanee.com\/#organization","name":"Appanee","url":"https:\/\/appanee.com\/","logo":{"@type":"ImageObject","inLanguage":"tr","@id":"https:\/\/appanee.com\/#\/schema\/logo\/image\/","url":"https:\/\/appanee.com\/wp-content\/uploads\/2025\/08\/cropped-blog-appanee.png","contentUrl":"https:\/\/appanee.com\/wp-content\/uploads\/2025\/08\/cropped-blog-appanee.png","width":200,"height":80,"caption":"Appanee"},"image":{"@id":"https:\/\/appanee.com\/#\/schema\/logo\/image\/"}}]}},"_links":{"self":[{"href":"https:\/\/appanee.com\/tr\/wp-json\/wp\/v2\/pages\/156","targetHints":{"allow":["GET"]}}],"collection":[{"href":"https:\/\/appanee.com\/tr\/wp-json\/wp\/v2\/pages"}],"about":[{"href":"https:\/\/appanee.com\/tr\/wp-json\/wp\/v2\/types\/page"}],"author":[{"embeddable":true,"href":"https:\/\/appanee.com\/tr\/wp-json\/wp\/v2\/users\/2"}],"replies":[{"embeddable":true,"href":"https:\/\/appanee.com\/tr\/wp-json\/wp\/v2\/comments?post=156"}],"version-history":[{"count":2,"href":"https:\/\/appanee.com\/tr\/wp-json\/wp\/v2\/pages\/156\/revisions"}],"predecessor-version":[{"id":631,"href":"https:\/\/appanee.com\/tr\/wp-json\/wp\/v2\/pages\/156\/revisions\/631"}],"wp:attachment":[{"href":"https:\/\/appanee.com\/tr\/wp-json\/wp\/v2\/media?parent=156"}],"curies":[{"name":"wp","href":"https:\/\/api.w.org\/{rel}","templated":true}]}}